{"id":3627,"date":"2024-12-10T20:04:09","date_gmt":"2024-12-10T19:04:09","guid":{"rendered":"https:\/\/bisci.it\/product\/verdicchio-di-matelica-d-o-c\/"},"modified":"2026-04-15T13:04:10","modified_gmt":"2026-04-15T11:04:10","slug":"verdicchio-di-matelica-d-o-c","status":"publish","type":"product","link":"https:\/\/bisci.it\/fr\/product\/verdicchio-di-matelica-d-o-c\/","title":{"rendered":"Verdicchio di Matelica D.O.C."},"content":{"rendered":"<div class=\"wpb-content-wrapper\"><p>[vc_row unlock_row_content=\u00a0\u00bbyes\u00a0\u00bb row_height_percent=\u00a0\u00bb74&Prime; back_image=\u00a0\u00bb419&Prime; overlay_alpha=\u00a0\u00bb50&Prime; gutter_size=\u00a0\u00bb3&Prime; column_width_percent=\u00a0\u00bb100&Prime; shift_y=\u00a0\u00bb0&Prime; z_index=\u00a0\u00bb0&Prime; enable_bottom_divider=\u00a0\u00bbdefault\u00a0\u00bb bottom_divider=\u00a0\u00bbtilt\u00a0\u00bb shape_bottom_h_use_pixel=\u00a0\u00bbtrue\u00a0\u00bb shape_bottom_height_percent=\u00a0\u00bb15&Prime; shape_bottom_color=\u00a0\u00bbcolor-prif\u00a0\u00bb shape_bottom_opacity=\u00a0\u00bb100&Prime; shape_bottom_index=\u00a0\u00bb0&Prime; uncode_shortcode_id=\u00a0\u00bb145553&Prime; shape_bottom_color_type=\u00a0\u00bbuncode-palette\u00a0\u00bb el_id=\u00a0\u00bbfirst-prd\u00a0\u00bb][vc_column width=\u00a0\u00bb1\/6&Prime;][\/vc_column][vc_column column_width_percent=\u00a0\u00bb90&Prime; position_vertical=\u00a0\u00bbbottom\u00a0\u00bb gutter_size=\u00a0\u00bb3&Prime; back_color=\u00a0\u00bbcolor-xsdn\u00a0\u00bb overlay_alpha=\u00a0\u00bb50&Prime; shift_x=\u00a0\u00bb0&Prime; shift_y=\u00a0\u00bb3&Prime; shift_y_down=\u00a0\u00bb0&Prime; z_index=\u00a0\u00bb0&Prime; medium_width=\u00a0\u00bb0&Prime; mobile_width=\u00a0\u00bb0&Prime; width=\u00a0\u00bb2\/6&Prime; uncode_shortcode_id=\u00a0\u00bb200235&Prime; el_class=\u00a0\u00bbwhite-box\u00a0\u00bb back_color_type=\u00a0\u00bbuncode-palette\u00a0\u00bb][vc_custom_heading heading_semantic=\u00a0\u00bbh1&Prime; text_size=\u00a0\u00bbh1&Prime; uncode_shortcode_id=\u00a0\u00bb185785&Prime;]Verdicchio<br \/>\ndi Matelica<br \/>\nD.O.C.[\/vc_custom_heading][vc_column_text uncode_shortcode_id=\u00a0\u00bb186406&Prime; el_class=\u00a0\u00bbtesto-prd\u00a0\u00bb]Il nostro &lsquo;Primo&rsquo; vino ottenuto interamente da uve Verdicchio provenienti da vigneti di diverse et\u00e0. Il pi\u00f9 vecchio del 1978 ed il pi\u00f9 recente del 2016. L&rsquo;uva raccolta a mano e in cassetta, viene trasportata immediatamente in cantina dove viene sottoposta ad una pressatura soffice. I mosto ottenuto viene trasferito in vasche di cemento per la fermentazione. Finita la fermentazione il vino affina per alcuni mesi nelle stesse vasche.[\/vc_column_text][vc_row_inner row_inner_height_percent=\u00a0\u00bb0&Prime; overlay_alpha=\u00a0\u00bb50&Prime; equal_height=\u00a0\u00bbyes\u00a0\u00bb gutter_size=\u00a0\u00bb1&Prime; shift_y=\u00a0\u00bb0&Prime; z_index=\u00a0\u00bb0&Prime; uncode_shortcode_id=\u00a0\u00bb135837&Prime; limit_content=\u00a0\u00bb\u00a0\u00bb][vc_column_inner width=\u00a0\u00bb1\/4&Prime;][vc_single_image media=\u00a0\u00bb412&Prime; media_width_use_pixel=\u00a0\u00bbyes\u00a0\u00bb uncode_shortcode_id=\u00a0\u00bb156144&Prime; media_width_pixel=\u00a0\u00bb70&Prime;][\/vc_column_inner][vc_column_inner column_width_percent=\u00a0\u00bb100&Prime; position_vertical=\u00a0\u00bbmiddle\u00a0\u00bb gutter_size=\u00a0\u00bb3&Prime; overlay_alpha=\u00a0\u00bb50&Prime; shift_x=\u00a0\u00bb0&Prime; shift_y=\u00a0\u00bb0&Prime; shift_y_down=\u00a0\u00bb0&Prime; z_index=\u00a0\u00bb0&Prime; medium_width=\u00a0\u00bb0&Prime; mobile_width=\u00a0\u00bb0&Prime; width=\u00a0\u00bb3\/4&Prime; uncode_shortcode_id=\u00a0\u00bb143835&Prime;][vc_column_text uncode_shortcode_id=\u00a0\u00bb188238&Prime; el_class=\u00a0\u00bbcert\u00a0\u00bb]Certificato biologico (CCPB) dall&rsquo;annata 2019.[\/vc_column_text][\/vc_column_inner][\/vc_row_inner][vc_button border_animation=\u00a0\u00bbbtn-ripple-out\u00a0\u00bb wide=\u00a0\u00bbyes\u00a0\u00bb hover_fx=\u00a0\u00bboutlined\u00a0\u00bb border_width=\u00a0\u00bb0&Prime; scale_mobile=\u00a0\u00bbno\u00a0\u00bb button_color_type=\u00a0\u00bbuncode-solid\u00a0\u00bb button_color_solid=\u00a0\u00bb#8f7c2c\u00a0\u00bb uncode_shortcode_id=\u00a0\u00bb142693&Prime; link=\u00a0\u00bburl:https%3A%2F%2Fbisci.it%2Fwp-content%2Fuploads%2F2025%2F06%2Fverdicchio-matelica_sm.pdf|target:_blank\u00a0\u00bb]SCARICA SCHEDA TECNICA[\/vc_button][\/vc_column][vc_column column_width_percent=\u00a0\u00bb100&Prime; gutter_size=\u00a0\u00bb3&Prime; expand_height=\u00a0\u00bbyes\u00a0\u00bb overlay_alpha=\u00a0\u00bb50&Prime; shift_x=\u00a0\u00bb0&Prime; shift_y=\u00a0\u00bb0&Prime; shift_y_down=\u00a0\u00bb0&Prime; z_index=\u00a0\u00bb0&Prime; medium_width=\u00a0\u00bb0&Prime; mobile_visibility=\u00a0\u00bbyes\u00a0\u00bb mobile_width=\u00a0\u00bb0&Prime; css_animation=\u00a0\u00bbalpha-anim\u00a0\u00bb animation_speed=\u00a0\u00bb600&Prime; animation_delay=\u00a0\u00bb300&Prime; width=\u00a0\u00bb3\/6&Prime; uncode_shortcode_id=\u00a0\u00bb204544&Prime; el_class=\u00a0\u00bbimg-prd over-img\u00a0\u00bb][vc_single_image media=\u00a0\u00bb3054&Prime; media_width_percent=\u00a0\u00bb100&Prime; uncode_shortcode_id=\u00a0\u00bb109550&Prime; el_class=\u00a0\u00bbimg-principale\u00a0\u00bb][\/vc_column][\/vc_row][vc_row row_height_percent=\u00a0\u00bb0&Prime; overlay_alpha=\u00a0\u00bb50&Prime; gutter_size=\u00a0\u00bb3&Prime; column_width_percent=\u00a0\u00bb100&Prime; shift_y=\u00a0\u00bb0&Prime; z_index=\u00a0\u00bb0&Prime; desktop_visibility=\u00a0\u00bbyes\u00a0\u00bb content_parallax=\u00a0\u00bb0&Prime; uncode_shortcode_id=\u00a0\u00bb707915&Prime; el_class=\u00a0\u00bbmiddle-res\u00a0\u00bb][vc_column width=\u00a0\u00bb1\/1&Prime;][vc_single_image media=\u00a0\u00bb3050&Prime; media_width_percent=\u00a0\u00bb100&Prime; alignment=\u00a0\u00bbcenter\u00a0\u00bb uncode_shortcode_id=\u00a0\u00bb753427&Prime;][\/vc_column][\/vc_row][vc_row unlock_row_content=\u00a0\u00bbyes\u00a0\u00bb row_height_percent=\u00a0\u00bb0&Prime; override_padding=\u00a0\u00bbyes\u00a0\u00bb h_padding=\u00a0\u00bb4&Prime; top_padding=\u00a0\u00bb7&Prime; bottom_padding=\u00a0\u00bb2&Prime; back_color=\u00a0\u00bbcolor-prif\u00a0\u00bb overlay_alpha=\u00a0\u00bb50&Prime; gutter_size=\u00a0\u00bb3&Prime; column_width_percent=\u00a0\u00bb100&Prime; shift_y=\u00a0\u00bb0&Prime; z_index=\u00a0\u00bb0&Prime; enable_bottom_divider=\u00a0\u00bbdefault\u00a0\u00bb bottom_divider=\u00a0\u00bbstep\u00a0\u00bb shape_bottom_h_use_pixel=\u00a0\u00bbtrue\u00a0\u00bb shape_bottom_height_percent=\u00a0\u00bb35&Prime; shape_bottom_color=\u00a0\u00bbcolor-xsdn\u00a0\u00bb shape_bottom_opacity=\u00a0\u00bb100&Prime; shape_bottom_index=\u00a0\u00bb0&Prime; mobile_visibility=\u00a0\u00bbyes\u00a0\u00bb content_parallax=\u00a0\u00bb0&Prime; uncode_shortcode_id=\u00a0\u00bb157172&Prime; back_color_type=\u00a0\u00bbuncode-palette\u00a0\u00bb shape_bottom_color_type=\u00a0\u00bbuncode-palette\u00a0\u00bb][vc_column width=\u00a0\u00bb1\/1&Prime;][vc_gallery el_id=\u00a0\u00bbgallery-204447&Prime; type=\u00a0\u00bbcarousel\u00a0\u00bb medias=\u00a0\u00bb1642,1655,422,1040,1041,1042,421&Prime; carousel_lg=\u00a0\u00bb3&Prime; carousel_md=\u00a0\u00bb3&Prime; carousel_sm=\u00a0\u00bb1&Prime; gutter_size=\u00a0\u00bb3&Prime; carousel_interval=\u00a0\u00bb0&Prime; carousel_navspeed=\u00a0\u00bb400&Prime; carousel_overflow=\u00a0\u00bbyes\u00a0\u00bb carousel_dots=\u00a0\u00bbyes\u00a0\u00bb stage_padding=\u00a0\u00bb0&Prime; single_overlay_opacity=\u00a0\u00bb20&Prime; single_padding=\u00a0\u00bb2&Prime; single_border=\u00a0\u00bbyes\u00a0\u00bb uncode_shortcode_id=\u00a0\u00bb485436&Prime;][\/vc_column][\/vc_row][vc_row row_height_percent=\u00a0\u00bb0&Prime; override_padding=\u00a0\u00bbyes\u00a0\u00bb h_padding=\u00a0\u00bb0&Prime; top_padding=\u00a0\u00bb2&Prime; bottom_padding=\u00a0\u00bb2&Prime; overlay_alpha=\u00a0\u00bb50&Prime; equal_height=\u00a0\u00bbyes\u00a0\u00bb gutter_size=\u00a0\u00bb4&Prime; column_width_percent=\u00a0\u00bb100&Prime; shift_y=\u00a0\u00bb0&Prime; z_index=\u00a0\u00bb0&Prime; content_parallax=\u00a0\u00bb0&Prime; uncode_shortcode_id=\u00a0\u00bb163689&Prime; el_class=\u00a0\u00bbback-prd\u00a0\u00bb][vc_column column_width_percent=\u00a0\u00bb100&Prime; gutter_size=\u00a0\u00bb3&Prime; overlay_alpha=\u00a0\u00bb50&Prime; shift_x=\u00a0\u00bb0&Prime; shift_y=\u00a0\u00bb0&Prime; shift_y_down=\u00a0\u00bb0&Prime; z_index=\u00a0\u00bb0&Prime; medium_width=\u00a0\u00bb0&Prime; mobile_width=\u00a0\u00bb0&Prime; width=\u00a0\u00bb1\/3&Prime; uncode_shortcode_id=\u00a0\u00bb108556&Prime; el_id=\u00a0\u00bbsingle-premi\u00a0\u00bb][vc_custom_heading text_size=\u00a0\u00bbh1&Prime; uncode_shortcode_id=\u00a0\u00bb873477&Prime; el_class=\u00a0\u00bbsection-prd-title titolo-premi\u00a0\u00bb]Premi e Riconoscimenti[\/vc_custom_heading][vc_button button_color=\u00a0\u00bbcolor-210407&Prime; hover_fx=\u00a0\u00bboutlined\u00a0\u00bb border_width=\u00a0\u00bb0&Prime; scale_mobile=\u00a0\u00bbno\u00a0\u00bb link=\u00a0\u00bburl:https%3A%2F%2Fbisci.it%2Ftags%2Fverdicchio-di-matelica%2F\u00a0\u00bb el_class=\u00a0\u00bbbottone-premi\u00a0\u00bb uncode_shortcode_id=\u00a0\u00bb131686&Prime; button_color_type=\u00a0\u00bbuncode-palette\u00a0\u00bb]VEDI TUTTI[\/vc_button][vc_icon position=\u00a0\u00bbleft\u00a0\u00bb display=\u00a0\u00bbinline\u00a0\u00bb icon_image=\u00a0\u00bb3217&Prime; media_size=\u00a0\u00bb116&Prime; uncode_shortcode_id=\u00a0\u00bb199533&Prime; el_class=\u00a0\u00bbico-premio\u00a0\u00bb link=\u00a0\u00bburl:https%3A%2F%2Fbisci.it%2Ftags%2Fgambero-rosso%2F|title:Verdicchio%20Matelica%20-%20Bere%20Bene%202026&Prime;]<\/p>\n<h4>Premio Bere Bene 2026 del Gambero Rosso<\/h4>\n<p><span class=\"nominazione\">Verdicchio di Matelica &#8211; Annata: 2024<\/span>[\/vc_icon][vc_icon position=\u00a0\u00bbleft\u00a0\u00bb display=\u00a0\u00bbinline\u00a0\u00bb icon_image=\u00a0\u00bb3219&Prime; media_size=\u00a0\u00bb116&Prime; uncode_shortcode_id=\u00a0\u00bb400456&Prime; el_class=\u00a0\u00bbico-premio\u00a0\u00bb link=\u00a0\u00bburl:https%3A%2F%2Fbisci.it%2Ftags%2Fgambero-rosso%2F|title:Verdicchio%20Matelica%20-%20Bere%20Bene%202026&Prime;]<\/p>\n<h4>Premio Due Bicchieri Gambero Rosso 2026<\/h4>\n<p><span class=\"nominazione\">Verdicchio di Matelica &#8211; Annata: 2024<\/span>[\/vc_icon][vc_icon position=\u00a0\u00bbleft\u00a0\u00bb display=\u00a0\u00bbinline\u00a0\u00bb icon_image=\u00a0\u00bb2167&Prime; media_size=\u00a0\u00bb116&Prime; uncode_shortcode_id=\u00a0\u00bb154615&Prime; el_class=\u00a0\u00bbico-premio\u00a0\u00bb link=\u00a0\u00bburl:https%3A%2F%2Fbisci.it%2Ftags%2Fwine-spectator%2F|title:BISCI%20Matelica%20Verdicchio%20%E2%80%9921%20%E2%80%93%20Top%20100%20wines%20del%202023&Prime;]<\/p>\n<h4>Wine Spectator Reviews \/ Awards<\/h4>\n<p><span class=\"nominazione\">Verdicchio di Matelica 2021\u00a0 Top 100 Italian wines<br \/>\n&amp; More<\/span>[\/vc_icon][vc_icon position=\u00a0\u00bbleft\u00a0\u00bb display=\u00a0\u00bbinline\u00a0\u00bb icon_image=\u00a0\u00bb2079&Prime; media_size=\u00a0\u00bb116&Prime; uncode_shortcode_id=\u00a0\u00bb202905&Prime; el_class=\u00a0\u00bbico-premio\u00a0\u00bb link=\u00a0\u00bburl:https%3A%2F%2Fbisci.it%2Ftags%2Fslow-wine%2F|target:_blank\u00a0\u00bb]<\/p>\n<h4>Slow Wine &#8211; Vino Quotidiano \/ Vino Top<\/h4>\n<p><span class=\"nominazione\">Annate premiate Verdicchio di Matelica:<br \/>\n2021 \/ 2019<\/span>[\/vc_icon][\/vc_column][vc_column column_width_percent=\u00a0\u00bb90&Prime; gutter_size=\u00a0\u00bb3&Prime; overlay_alpha=\u00a0\u00bb50&Prime; shift_x=\u00a0\u00bb0&Prime; shift_y=\u00a0\u00bb0&Prime; shift_y_down=\u00a0\u00bb0&Prime; z_index=\u00a0\u00bb0&Prime; medium_width=\u00a0\u00bb0&Prime; mobile_width=\u00a0\u00bb0&Prime; width=\u00a0\u00bb2\/3&Prime; uncode_shortcode_id=\u00a0\u00bb156609&Prime;][vc_custom_heading text_size=\u00a0\u00bbh1&Prime; uncode_shortcode_id=\u00a0\u00bb197012&Prime; el_class=\u00a0\u00bbsection-prd-title\u00a0\u00bb]dati Matelica Verdicchio[\/vc_custom_heading][uncode_single_product_additional_info text_lead=\u00a0\u00bbyes\u00a0\u00bb el_class=\u00a0\u00bbspecs\u00a0\u00bb][\/vc_column][\/vc_row][vc_row row_height_percent=\u00a0\u00bb0&Prime; override_padding=\u00a0\u00bbyes\u00a0\u00bb h_padding=\u00a0\u00bb2&Prime; top_padding=\u00a0\u00bb4&Prime; bottom_padding=\u00a0\u00bb0&Prime; back_color=\u00a0\u00bbcolor-prif\u00a0\u00bb overlay_color=\u00a0\u00bbcolor-prif\u00a0\u00bb overlay_alpha=\u00a0\u00bb50&Prime; gutter_size=\u00a0\u00bb3&Prime; column_width_percent=\u00a0\u00bb100&Prime; shift_y=\u00a0\u00bb0&Prime; z_index=\u00a0\u00bb0&Prime; uncode_shortcode_id=\u00a0\u00bb106785&Prime; overlay_color_type=\u00a0\u00bbuncode-palette\u00a0\u00bb back_color_type=\u00a0\u00bbuncode-palette\u00a0\u00bb][vc_column column_width_percent=\u00a0\u00bb100&Prime; position_horizontal=\u00a0\u00bbright\u00a0\u00bb gutter_size=\u00a0\u00bb3&Prime; overlay_alpha=\u00a0\u00bb50&Prime; shift_x=\u00a0\u00bb0&Prime; shift_y=\u00a0\u00bb0&Prime; shift_y_down=\u00a0\u00bb0&Prime; z_index=\u00a0\u00bb0&Prime; medium_width=\u00a0\u00bb0&Prime; mobile_width=\u00a0\u00bb0&Prime; width=\u00a0\u00bb1\/3&Prime; uncode_shortcode_id=\u00a0\u00bb507746&Prime;][vc_custom_heading heading_semantic=\u00a0\u00bbh4&Prime; text_size=\u00a0\u00bbh4&Prime; uncode_shortcode_id=\u00a0\u00bb389677&Prime; subheading=\u00a0\u00bbGiallo paglierino scarico con riflessi verdognoli\u00a0\u00bb el_class=\u00a0\u00bbprd-focus\u00a0\u00bb]Colore[\/vc_custom_heading][\/vc_column][vc_column column_width_percent=\u00a0\u00bb100&Prime; position_horizontal=\u00a0\u00bbright\u00a0\u00bb gutter_size=\u00a0\u00bb3&Prime; overlay_alpha=\u00a0\u00bb50&Prime; shift_x=\u00a0\u00bb0&Prime; shift_y=\u00a0\u00bb0&Prime; shift_y_down=\u00a0\u00bb0&Prime; z_index=\u00a0\u00bb0&Prime; medium_width=\u00a0\u00bb0&Prime; mobile_width=\u00a0\u00bb0&Prime; width=\u00a0\u00bb1\/3&Prime; uncode_shortcode_id=\u00a0\u00bb337012&Prime;][vc_custom_heading heading_semantic=\u00a0\u00bbh4&Prime; text_size=\u00a0\u00bbh4&Prime; uncode_shortcode_id=\u00a0\u00bb878389&Prime; subheading=\u00a0\u00bbIntenso, abbastanza caldo, sapido, fresco, buon equilibrio, nota amarognola nel finale.\u00a0\u00bb el_class=\u00a0\u00bbprd-focus\u00a0\u00bb]Sapore[\/vc_custom_heading][\/vc_column][vc_column column_width_percent=\u00a0\u00bb100&Prime; position_horizontal=\u00a0\u00bbright\u00a0\u00bb gutter_size=\u00a0\u00bb3&Prime; overlay_alpha=\u00a0\u00bb50&Prime; shift_x=\u00a0\u00bb0&Prime; shift_y=\u00a0\u00bb0&Prime; shift_y_down=\u00a0\u00bb0&Prime; z_index=\u00a0\u00bb0&Prime; medium_width=\u00a0\u00bb0&Prime; mobile_width=\u00a0\u00bb0&Prime; width=\u00a0\u00bb1\/3&Prime; uncode_shortcode_id=\u00a0\u00bb135058&Prime;][vc_custom_heading heading_semantic=\u00a0\u00bbh4&Prime; text_size=\u00a0\u00bbh4&Prime; uncode_shortcode_id=\u00a0\u00bb638957&Prime; subheading=\u00a0\u00bbIntenso, profumi netti di fiori bianchi\u00a0\u00bb el_class=\u00a0\u00bbprd-focus\u00a0\u00bb]Profumo[\/vc_custom_heading][\/vc_column][\/vc_row][vc_row row_height_percent=\u00a0\u00bb0&Prime; override_padding=\u00a0\u00bbyes\u00a0\u00bb h_padding=\u00a0\u00bb2&Prime; top_padding=\u00a0\u00bb2&Prime; bottom_padding=\u00a0\u00bb4&Prime; back_color=\u00a0\u00bbcolor-prif\u00a0\u00bb overlay_color=\u00a0\u00bbcolor-prif\u00a0\u00bb overlay_alpha=\u00a0\u00bb50&Prime; gutter_size=\u00a0\u00bb3&Prime; column_width_percent=\u00a0\u00bb100&Prime; shift_y=\u00a0\u00bb0&Prime; z_index=\u00a0\u00bb0&Prime; uncode_shortcode_id=\u00a0\u00bb117222&Prime; overlay_color_type=\u00a0\u00bbuncode-palette\u00a0\u00bb back_color_type=\u00a0\u00bbuncode-palette\u00a0\u00bb][vc_column column_width_percent=\u00a0\u00bb100&Prime; position_horizontal=\u00a0\u00bbright\u00a0\u00bb gutter_size=\u00a0\u00bb3&Prime; overlay_alpha=\u00a0\u00bb50&Prime; shift_x=\u00a0\u00bb0&Prime; shift_y=\u00a0\u00bb0&Prime; shift_y_down=\u00a0\u00bb0&Prime; z_index=\u00a0\u00bb0&Prime; medium_width=\u00a0\u00bb0&Prime; mobile_width=\u00a0\u00bb0&Prime; width=\u00a0\u00bb1\/3&Prime; uncode_shortcode_id=\u00a0\u00bb197305&Prime;][vc_custom_heading heading_semantic=\u00a0\u00bbh4&Prime; text_size=\u00a0\u00bbh4&Prime; uncode_shortcode_id=\u00a0\u00bb385771&Prime; subheading=\u00a0\u00bbVerdicchio 100%\u00a0\u00bb el_class=\u00a0\u00bbprd-focus\u00a0\u00bb]Uvaggio[\/vc_custom_heading][\/vc_column][vc_column column_width_percent=\u00a0\u00bb100&Prime; position_horizontal=\u00a0\u00bbright\u00a0\u00bb gutter_size=\u00a0\u00bb3&Prime; overlay_alpha=\u00a0\u00bb50&Prime; shift_x=\u00a0\u00bb0&Prime; shift_y=\u00a0\u00bb0&Prime; shift_y_down=\u00a0\u00bb0&Prime; z_index=\u00a0\u00bb0&Prime; medium_width=\u00a0\u00bb0&Prime; mobile_width=\u00a0\u00bb0&Prime; width=\u00a0\u00bb1\/3&Prime; uncode_shortcode_id=\u00a0\u00bb173679&Prime;][vc_custom_heading heading_semantic=\u00a0\u00bbh4&Prime; text_size=\u00a0\u00bbh4&Prime; uncode_shortcode_id=\u00a0\u00bb410990&Prime; subheading=\u00a0\u00bb13 &#8211; 13.5% Vol\u00a0\u00bb el_class=\u00a0\u00bbprd-focus\u00a0\u00bb]Grado alcolico[\/vc_custom_heading][\/vc_column][vc_column column_width_percent=\u00a0\u00bb100&Prime; position_horizontal=\u00a0\u00bbright\u00a0\u00bb gutter_size=\u00a0\u00bb3&Prime; overlay_alpha=\u00a0\u00bb50&Prime; shift_x=\u00a0\u00bb0&Prime; shift_y=\u00a0\u00bb0&Prime; shift_y_down=\u00a0\u00bb0&Prime; z_index=\u00a0\u00bb0&Prime; medium_width=\u00a0\u00bb0&Prime; mobile_width=\u00a0\u00bb0&Prime; width=\u00a0\u00bb1\/3&Prime; uncode_shortcode_id=\u00a0\u00bb213794&Prime;][vc_custom_heading heading_semantic=\u00a0\u00bbh4&Prime; text_size=\u00a0\u00bbh4&Prime; uncode_shortcode_id=\u00a0\u00bb185599&Prime; subheading=\u00a0\u00bb8 &#8211; 10\u00b0C\u00a0\u00bb el_class=\u00a0\u00bbprd-focus\u00a0\u00bb]Temp. servizio[\/vc_custom_heading][\/vc_column][\/vc_row][vc_row row_height_percent=\u00a0\u00bb0&Prime; override_padding=\u00a0\u00bbyes\u00a0\u00bb h_padding=\u00a0\u00bb4&Prime; top_padding=\u00a0\u00bb3&Prime; bottom_padding=\u00a0\u00bb3&Prime; overlay_alpha=\u00a0\u00bb50&Prime; gutter_size=\u00a0\u00bb3&Prime; column_width_percent=\u00a0\u00bb100&Prime; shift_y=\u00a0\u00bb0&Prime; z_index=\u00a0\u00bb0&Prime; uncode_shortcode_id=\u00a0\u00bb196037&Prime; el_class=\u00a0\u00bbdeg-cta\u00a0\u00bb][vc_column width=\u00a0\u00bb1\/1&Prime;][vc_single_image media=\u00a0\u00bb420&Prime; media_width_percent=\u00a0\u00bb100&Prime; media_ratio=\u00a0\u00bbtwentyone-nine\u00a0\u00bb alignment=\u00a0\u00bbcenter\u00a0\u00bb advanced=\u00a0\u00bbyes\u00a0\u00bb media_items=\u00a0\u00bbmedia|original,title,description\u00a0\u00bb media_overlay_color=\u00a0\u00bbcolor-jevc\u00a0\u00bb media_overlay_opacity=\u00a0\u00bb80&Prime; media_overlay_visible=\u00a0\u00bbyes\u00a0\u00bb media_overlay_anim=\u00a0\u00bbno\u00a0\u00bb media_text_visible=\u00a0\u00bbyes\u00a0\u00bb media_text_anim=\u00a0\u00bbno\u00a0\u00bb media_image_anim=\u00a0\u00bbno\u00a0\u00bb media_h_position=\u00a0\u00bbcenter\u00a0\u00bb media_padding=\u00a0\u00bb2&Prime; text_lead=\u00a0\u00bbyes\u00a0\u00bb uncode_shortcode_id=\u00a0\u00bb120258&Prime; media_link=\u00a0\u00bburl:%2Fcontatti-azienda-bisci-vini-di-matelica%2F\u00a0\u00bb media_overlay_color_type=\u00a0\u00bbuncode-palette\u00a0\u00bb media_title_custom=\u00a0\u00bbProvalo in Cantina\u00a0\u00bb media_subtitle_custom=\u00a0\u00bbPrenota una degustazione\u00a0\u00bb][\/vc_column][\/vc_row][vc_row][vc_column width=\u00a0\u00bb1\/1&Prime;][uncode_block id=\u00a0\u00bb987&Prime;][\/vc_column][\/vc_row]<\/p>\n<\/div>","protected":false},"excerpt":{"rendered":"<p>[vc_row unlock_row_content=\u00a0\u00bbyes\u00a0\u00bb row_height_percent=\u00a0\u00bb74&Prime; back_image=\u00a0\u00bb419&Prime; overlay_alpha=\u00a0\u00bb50&Prime; gutter_size=\u00a0\u00bb3&Prime; column_width_percent=\u00a0\u00bb100&Prime; shift_y=\u00a0\u00bb0&Prime; z_index=\u00a0\u00bb0&Prime; enable_bottom_divider=\u00a0\u00bbdefault\u00a0\u00bb bottom_divider=\u00a0\u00bbtilt\u00a0\u00bb shape_bottom_h_use_pixel=\u00a0\u00bbtrue\u00a0\u00bb shape_bottom_height_percent=\u00a0\u00bb15&Prime; shape_bottom_color=\u00a0\u00bbcolor-prif\u00a0\u00bb shape_bottom_opacity=\u00a0\u00bb100&Prime; shape_bottom_index=\u00a0\u00bb0&Prime; uncode_shortcode_id=\u00a0\u00bb145553&Prime; shape_bottom_color_type=\u00a0\u00bbuncode-palette\u00a0\u00bb el_id=\u00a0\u00bbfirst-prd\u00a0\u00bb][vc_column width=\u00a0\u00bb1\/6&Prime;][\/vc_column][vc_column [&hellip;]<\/p>\n","protected":false},"featured_media":0,"comment_status":"open","ping_status":"closed","template":"","meta":[],"product_brand":[],"product_cat":[184],"product_tag":[],"class_list":{"0":"post-3627","1":"product","2":"type-product","3":"status-publish","5":"product_cat-uncategorized","7":"first","8":"instock","9":"shipping-taxable","10":"product-type-simple"},"yoast_head":"<!-- This site is optimized with the Yoast SEO plugin v26.0 - https:\/\/yoast.com\/wordpress\/plugins\/seo\/ -->\n<title>Verdicchio di Matelica D.O.C. - BISCI Vini<\/title>\n<meta name=\"description\" content=\"BISCI Verdicchio di Matelica DOC \u00e8 ottenuto interamente da uve Verdicchio Certificazione biologico (CCPB) dall\u2019annata 2019\" \/>\n<meta name=\"robots\" content=\"index, follow, max-snippet:-1, max-image-preview:large, max-video-preview:-1\" \/>\n<link rel=\"canonical\" href=\"https:\/\/bisci.it\/fr\/product\/verdicchio-di-matelica-d-o-c\/\" \/>\n<meta property=\"og:locale\" content=\"fr_FR\" \/>\n<meta property=\"og:type\" content=\"article\" \/>\n<meta property=\"og:title\" content=\"Verdicchio di Matelica D.O.C. - BISCI Vini\" \/>\n<meta property=\"og:description\" content=\"BISCI Verdicchio di Matelica DOC \u00e8 ottenuto interamente da uve Verdicchio Certificazione biologico (CCPB) dall\u2019annata 2019\" \/>\n<meta property=\"og:url\" content=\"https:\/\/bisci.it\/fr\/product\/verdicchio-di-matelica-d-o-c\/\" \/>\n<meta property=\"og:site_name\" content=\"BISCI Vini\" \/>\n<meta property=\"article:modified_time\" content=\"2026-04-15T11:04:10+00:00\" \/>\n<meta name=\"twitter:card\" content=\"summary_large_image\" \/>\n<meta name=\"twitter:label1\" content=\"Dur\u00e9e de lecture estim\u00e9e\" \/>\n\t<meta name=\"twitter:data1\" content=\"4 minutes\" \/>\n<script type=\"application\/ld+json\" class=\"yoast-schema-graph\">{\"@context\":\"https:\/\/schema.org\",\"@graph\":[{\"@type\":\"WebPage\",\"@id\":\"https:\/\/bisci.it\/fr\/product\/verdicchio-di-matelica-d-o-c\/\",\"url\":\"https:\/\/bisci.it\/fr\/product\/verdicchio-di-matelica-d-o-c\/\",\"name\":\"Verdicchio di Matelica D.O.C. - BISCI Vini\",\"isPartOf\":{\"@id\":\"https:\/\/bisci.it\/fr\/#website\"},\"datePublished\":\"2024-12-10T19:04:09+00:00\",\"dateModified\":\"2026-04-15T11:04:10+00:00\",\"description\":\"BISCI Verdicchio di Matelica DOC \u00e8 ottenuto interamente da uve Verdicchio Certificazione biologico (CCPB) dall\u2019annata 2019\",\"breadcrumb\":{\"@id\":\"https:\/\/bisci.it\/fr\/product\/verdicchio-di-matelica-d-o-c\/#breadcrumb\"},\"inLanguage\":\"fr-FR\",\"potentialAction\":[{\"@type\":\"ReadAction\",\"target\":[\"https:\/\/bisci.it\/fr\/product\/verdicchio-di-matelica-d-o-c\/\"]}]},{\"@type\":\"BreadcrumbList\",\"@id\":\"https:\/\/bisci.it\/fr\/product\/verdicchio-di-matelica-d-o-c\/#breadcrumb\",\"itemListElement\":[{\"@type\":\"ListItem\",\"position\":1,\"name\":\"Home\",\"item\":\"https:\/\/bisci.it\/fr\/\"},{\"@type\":\"ListItem\",\"position\":2,\"name\":\"Shop\",\"item\":\"https:\/\/bisci.it\/?page_id=1299\"},{\"@type\":\"ListItem\",\"position\":3,\"name\":\"Verdicchio di Matelica D.O.C.\"}]},{\"@type\":\"WebSite\",\"@id\":\"https:\/\/bisci.it\/fr\/#website\",\"url\":\"https:\/\/bisci.it\/fr\/\",\"name\":\"BISCI Vini\",\"description\":\"Cantina BISCI - Matelica\",\"potentialAction\":[{\"@type\":\"SearchAction\",\"target\":{\"@type\":\"EntryPoint\",\"urlTemplate\":\"https:\/\/bisci.it\/fr\/?s={search_term_string}\"},\"query-input\":{\"@type\":\"PropertyValueSpecification\",\"valueRequired\":true,\"valueName\":\"search_term_string\"}}],\"inLanguage\":\"fr-FR\"}]}<\/script>\n<!-- \/ Yoast SEO plugin. -->","yoast_head_json":{"title":"Verdicchio di Matelica D.O.C. - BISCI Vini","description":"BISCI Verdicchio di Matelica DOC \u00e8 ottenuto interamente da uve Verdicchio Certificazione biologico (CCPB) dall\u2019annata 2019","robots":{"index":"index","follow":"follow","max-snippet":"max-snippet:-1","max-image-preview":"max-image-preview:large","max-video-preview":"max-video-preview:-1"},"canonical":"https:\/\/bisci.it\/fr\/product\/verdicchio-di-matelica-d-o-c\/","og_locale":"fr_FR","og_type":"article","og_title":"Verdicchio di Matelica D.O.C. - BISCI Vini","og_description":"BISCI Verdicchio di Matelica DOC \u00e8 ottenuto interamente da uve Verdicchio Certificazione biologico (CCPB) dall\u2019annata 2019","og_url":"https:\/\/bisci.it\/fr\/product\/verdicchio-di-matelica-d-o-c\/","og_site_name":"BISCI Vini","article_modified_time":"2026-04-15T11:04:10+00:00","twitter_card":"summary_large_image","twitter_misc":{"Dur\u00e9e de lecture estim\u00e9e":"4 minutes"},"schema":{"@context":"https:\/\/schema.org","@graph":[{"@type":"WebPage","@id":"https:\/\/bisci.it\/fr\/product\/verdicchio-di-matelica-d-o-c\/","url":"https:\/\/bisci.it\/fr\/product\/verdicchio-di-matelica-d-o-c\/","name":"Verdicchio di Matelica D.O.C. - BISCI Vini","isPartOf":{"@id":"https:\/\/bisci.it\/fr\/#website"},"datePublished":"2024-12-10T19:04:09+00:00","dateModified":"2026-04-15T11:04:10+00:00","description":"BISCI Verdicchio di Matelica DOC \u00e8 ottenuto interamente da uve Verdicchio Certificazione biologico (CCPB) dall\u2019annata 2019","breadcrumb":{"@id":"https:\/\/bisci.it\/fr\/product\/verdicchio-di-matelica-d-o-c\/#breadcrumb"},"inLanguage":"fr-FR","potentialAction":[{"@type":"ReadAction","target":["https:\/\/bisci.it\/fr\/product\/verdicchio-di-matelica-d-o-c\/"]}]},{"@type":"BreadcrumbList","@id":"https:\/\/bisci.it\/fr\/product\/verdicchio-di-matelica-d-o-c\/#breadcrumb","itemListElement":[{"@type":"ListItem","position":1,"name":"Home","item":"https:\/\/bisci.it\/fr\/"},{"@type":"ListItem","position":2,"name":"Shop","item":"https:\/\/bisci.it\/?page_id=1299"},{"@type":"ListItem","position":3,"name":"Verdicchio di Matelica D.O.C."}]},{"@type":"WebSite","@id":"https:\/\/bisci.it\/fr\/#website","url":"https:\/\/bisci.it\/fr\/","name":"BISCI Vini","description":"Cantina BISCI - Matelica","potentialAction":[{"@type":"SearchAction","target":{"@type":"EntryPoint","urlTemplate":"https:\/\/bisci.it\/fr\/?s={search_term_string}"},"query-input":{"@type":"PropertyValueSpecification","valueRequired":true,"valueName":"search_term_string"}}],"inLanguage":"fr-FR"}]}},"_links":{"self":[{"href":"https:\/\/bisci.it\/fr\/wp-json\/wp\/v2\/product\/3627","targetHints":{"allow":["GET"]}}],"collection":[{"href":"https:\/\/bisci.it\/fr\/wp-json\/wp\/v2\/product"}],"about":[{"href":"https:\/\/bisci.it\/fr\/wp-json\/wp\/v2\/types\/product"}],"replies":[{"embeddable":true,"href":"https:\/\/bisci.it\/fr\/wp-json\/wp\/v2\/comments?post=3627"}],"wp:attachment":[{"href":"https:\/\/bisci.it\/fr\/wp-json\/wp\/v2\/media?parent=3627"}],"wp:term":[{"taxonomy":"product_brand","embeddable":true,"href":"https:\/\/bisci.it\/fr\/wp-json\/wp\/v2\/product_brand?post=3627"},{"taxonomy":"product_cat","embeddable":true,"href":"https:\/\/bisci.it\/fr\/wp-json\/wp\/v2\/product_cat?post=3627"},{"taxonomy":"product_tag","embeddable":true,"href":"https:\/\/bisci.it\/fr\/wp-json\/wp\/v2\/product_tag?post=3627"}],"curies":[{"name":"wp","href":"https:\/\/api.w.org\/{rel}","templated":true}]}}