{"id":3626,"date":"2022-10-27T16:29:01","date_gmt":"2022-10-27T14:29:01","guid":{"rendered":"https:\/\/bisci.it\/product\/villa-castiglioni-rosso-i-g-t\/"},"modified":"2026-05-04T15:16:30","modified_gmt":"2026-05-04T13:16:30","slug":"villa-castiglioni-rosso-i-g-t","status":"publish","type":"product","link":"https:\/\/bisci.it\/fr\/product\/villa-castiglioni-rosso-i-g-t\/","title":{"rendered":"Villa Castiglioni"},"content":{"rendered":"<div class=\"wpb-content-wrapper\"><p>[vc_row unlock_row_content=\u00a0\u00bbyes\u00a0\u00bb row_height_percent=\u00a0\u00bb74&Prime; back_image=\u00a0\u00bb419&Prime; overlay_alpha=\u00a0\u00bb50&Prime; gutter_size=\u00a0\u00bb3&Prime; column_width_percent=\u00a0\u00bb100&Prime; shift_y=\u00a0\u00bb0&Prime; z_index=\u00a0\u00bb0&Prime; enable_bottom_divider=\u00a0\u00bbdefault\u00a0\u00bb bottom_divider=\u00a0\u00bbtilt\u00a0\u00bb shape_bottom_h_use_pixel=\u00a0\u00bbtrue\u00a0\u00bb shape_bottom_height_percent=\u00a0\u00bb15&Prime; shape_bottom_color=\u00a0\u00bbcolor-prif\u00a0\u00bb shape_bottom_opacity=\u00a0\u00bb100&Prime; shape_bottom_index=\u00a0\u00bb0&Prime; uncode_shortcode_id=\u00a0\u00bb145553&Prime; shape_bottom_color_type=\u00a0\u00bbuncode-palette\u00a0\u00bb el_id=\u00a0\u00bbfirst-prd\u00a0\u00bb][vc_column width=\u00a0\u00bb1\/6&Prime;][\/vc_column][vc_column column_width_percent=\u00a0\u00bb90&Prime; position_vertical=\u00a0\u00bbbottom\u00a0\u00bb gutter_size=\u00a0\u00bb3&Prime; back_color=\u00a0\u00bbcolor-xsdn\u00a0\u00bb overlay_alpha=\u00a0\u00bb50&Prime; shift_x=\u00a0\u00bb0&Prime; shift_y=\u00a0\u00bb3&Prime; shift_y_down=\u00a0\u00bb0&Prime; z_index=\u00a0\u00bb0&Prime; medium_width=\u00a0\u00bb0&Prime; mobile_width=\u00a0\u00bb0&Prime; width=\u00a0\u00bb2\/6&Prime; uncode_shortcode_id=\u00a0\u00bb200235&Prime; el_class=\u00a0\u00bbwhite-box\u00a0\u00bb back_color_type=\u00a0\u00bbuncode-palette\u00a0\u00bb][vc_custom_heading heading_semantic=\u00a0\u00bbh1&Prime; text_size=\u00a0\u00bbh1&Prime; uncode_shortcode_id=\u00a0\u00bb209766&Prime;]\u00a0\u00bbVilla Castiglioni\u00a0\u00bb<br \/>\nRosso Marche I.G.T.[\/vc_custom_heading][vc_column_text uncode_shortcode_id=\u00a0\u00bb204111&Prime; el_class=\u00a0\u00bbtesto-prd\u00a0\u00bb]N\u00e9 d&rsquo;une s\u00e9lection rigoureuse de Sangiovese vendang\u00e9 \u00e0 la mi-octobre, le Villa Castiglioni est le rouge de caract\u00e8re de la Cantina Bisci. La mac\u00e9ration est conduite avec soin \u2014 remontages et pigeages quotidiens \u2014 pour extraire avec pr\u00e9cision la quintessence du fruit et la profondeur du terroir argilo-calcaire de Matelica. \u00c9lev\u00e9 environ 9 mois en tonneaux, il d\u00e9veloppe une structure tannique \u00e9l\u00e9gante et une remarquable aptitude au vieillissement.[\/vc_column_text][vc_button border_animation=\u00a0\u00bbbtn-ripple-out\u00a0\u00bb wide=\u00a0\u00bbyes\u00a0\u00bb hover_fx=\u00a0\u00bboutlined\u00a0\u00bb border_width=\u00a0\u00bb0&Prime; scale_mobile=\u00a0\u00bbno\u00a0\u00bb button_color_type=\u00a0\u00bbuncode-solid\u00a0\u00bb button_color_solid=\u00a0\u00bb#8f7c2c\u00a0\u00bb uncode_shortcode_id=\u00a0\u00bb193278&Prime; link=\u00a0\u00bburl:https%3A%2F%2Fbisci.it%2Fwp-content%2Fuploads%2F2025%2F06%2Fvilla-castiglioni_sm.pdf|target:_blank\u00a0\u00bb]FICHE TECHNIQUE[\/vc_button][\/vc_column][vc_column column_width_percent=\u00a0\u00bb100&Prime; gutter_size=\u00a0\u00bb3&Prime; expand_height=\u00a0\u00bbyes\u00a0\u00bb overlay_alpha=\u00a0\u00bb50&Prime; shift_x=\u00a0\u00bb0&Prime; shift_y=\u00a0\u00bb0&Prime; shift_y_down=\u00a0\u00bb0&Prime; z_index=\u00a0\u00bb0&Prime; medium_width=\u00a0\u00bb0&Prime; mobile_visibility=\u00a0\u00bbyes\u00a0\u00bb mobile_width=\u00a0\u00bb0&Prime; css_animation=\u00a0\u00bbalpha-anim\u00a0\u00bb animation_speed=\u00a0\u00bb600&Prime; animation_delay=\u00a0\u00bb300&Prime; width=\u00a0\u00bb3\/6&Prime; uncode_shortcode_id=\u00a0\u00bb162017&Prime; el_class=\u00a0\u00bbimg-prd over-img\u00a0\u00bb][vc_single_image media=\u00a0\u00bb3632&Prime; media_width_percent=\u00a0\u00bb100&Prime; uncode_shortcode_id=\u00a0\u00bb546822&Prime; el_class=\u00a0\u00bbimg-principale\u00a0\u00bb][\/vc_column][\/vc_row][vc_row row_height_percent=\u00a0\u00bb0&Prime; overlay_alpha=\u00a0\u00bb50&Prime; gutter_size=\u00a0\u00bb3&Prime; column_width_percent=\u00a0\u00bb100&Prime; shift_y=\u00a0\u00bb0&Prime; z_index=\u00a0\u00bb0&Prime; desktop_visibility=\u00a0\u00bbyes\u00a0\u00bb content_parallax=\u00a0\u00bb0&Prime; uncode_shortcode_id=\u00a0\u00bb106179&Prime; el_class=\u00a0\u00bbmiddle-res\u00a0\u00bb][vc_column width=\u00a0\u00bb1\/1&Prime;][vc_single_image media=\u00a0\u00bb3633&Prime; media_width_percent=\u00a0\u00bb100&Prime; uncode_shortcode_id=\u00a0\u00bb174879&Prime;][\/vc_column][\/vc_row][vc_row unlock_row_content=\u00a0\u00bbyes\u00a0\u00bb row_height_percent=\u00a0\u00bb0&Prime; override_padding=\u00a0\u00bbyes\u00a0\u00bb h_padding=\u00a0\u00bb4&Prime; top_padding=\u00a0\u00bb7&Prime; bottom_padding=\u00a0\u00bb2&Prime; back_color=\u00a0\u00bbcolor-prif\u00a0\u00bb overlay_alpha=\u00a0\u00bb50&Prime; gutter_size=\u00a0\u00bb3&Prime; column_width_percent=\u00a0\u00bb100&Prime; shift_y=\u00a0\u00bb0&Prime; z_index=\u00a0\u00bb0&Prime; enable_bottom_divider=\u00a0\u00bbdefault\u00a0\u00bb bottom_divider=\u00a0\u00bbstep\u00a0\u00bb shape_bottom_h_use_pixel=\u00a0\u00bbtrue\u00a0\u00bb shape_bottom_height_percent=\u00a0\u00bb35&Prime; shape_bottom_color=\u00a0\u00bbcolor-xsdn\u00a0\u00bb shape_bottom_opacity=\u00a0\u00bb100&Prime; shape_bottom_index=\u00a0\u00bb0&Prime; mobile_visibility=\u00a0\u00bbyes\u00a0\u00bb content_parallax=\u00a0\u00bb0&Prime; uncode_shortcode_id=\u00a0\u00bb214682&Prime; back_color_type=\u00a0\u00bbuncode-palette\u00a0\u00bb shape_bottom_color_type=\u00a0\u00bbuncode-palette\u00a0\u00bb][vc_column width=\u00a0\u00bb1\/1&Prime;][vc_gallery el_id=\u00a0\u00bbgallery-204447&Prime; type=\u00a0\u00bbcarousel\u00a0\u00bb medias=\u00a0\u00bb3631,421,3650,3648,422&Prime; carousel_lg=\u00a0\u00bb3&Prime; carousel_md=\u00a0\u00bb3&Prime; carousel_sm=\u00a0\u00bb1&Prime; gutter_size=\u00a0\u00bb3&Prime; carousel_interval=\u00a0\u00bb0&Prime; carousel_navspeed=\u00a0\u00bb400&Prime; carousel_overflow=\u00a0\u00bbyes\u00a0\u00bb carousel_dots=\u00a0\u00bbyes\u00a0\u00bb stage_padding=\u00a0\u00bb0&Prime; single_overlay_opacity=\u00a0\u00bb20&Prime; single_padding=\u00a0\u00bb2&Prime; single_border=\u00a0\u00bbyes\u00a0\u00bb uncode_shortcode_id=\u00a0\u00bb171236&Prime;][\/vc_column][\/vc_row][vc_row row_height_percent=\u00a0\u00bb0&Prime; override_padding=\u00a0\u00bbyes\u00a0\u00bb h_padding=\u00a0\u00bb0&Prime; top_padding=\u00a0\u00bb2&Prime; bottom_padding=\u00a0\u00bb2&Prime; overlay_alpha=\u00a0\u00bb50&Prime; equal_height=\u00a0\u00bbyes\u00a0\u00bb gutter_size=\u00a0\u00bb4&Prime; column_width_percent=\u00a0\u00bb100&Prime; shift_y=\u00a0\u00bb0&Prime; z_index=\u00a0\u00bb0&Prime; uncode_shortcode_id=\u00a0\u00bb103355&Prime; el_class=\u00a0\u00bbback-prd\u00a0\u00bb][vc_column column_width_percent=\u00a0\u00bb100&Prime; gutter_size=\u00a0\u00bb3&Prime; overlay_alpha=\u00a0\u00bb50&Prime; shift_x=\u00a0\u00bb0&Prime; shift_y=\u00a0\u00bb0&Prime; shift_y_down=\u00a0\u00bb0&Prime; z_index=\u00a0\u00bb0&Prime; medium_width=\u00a0\u00bb0&Prime; mobile_visibility=\u00a0\u00bbyes\u00a0\u00bb mobile_width=\u00a0\u00bb0&Prime; width=\u00a0\u00bb1\/3&Prime; uncode_shortcode_id=\u00a0\u00bb143780&Prime; el_id=\u00a0\u00bbsingle-premi\u00a0\u00bb][vc_custom_heading text_size=\u00a0\u00bbh1&Prime; uncode_shortcode_id=\u00a0\u00bb157471&Prime; el_class=\u00a0\u00bbsection-prd-title\u00a0\u00bb]Distinctions &amp; Palmar\u00e8s[\/vc_custom_heading][vc_button button_color=\u00a0\u00bbcolor-210407&Prime; hover_fx=\u00a0\u00bboutlined\u00a0\u00bb border_width=\u00a0\u00bb0&Prime; link=\u00a0\u00bburl:https%3A%2F%2Fbisci.it%2Ftags%2Fvilla-castiglioni%2F\u00a0\u00bb button_color_type=\u00a0\u00bbuncode-palette\u00a0\u00bb el_class=\u00a0\u00bbbottone-premi\u00a0\u00bb uncode_shortcode_id=\u00a0\u00bb883822&Prime;]VOIR TOUT[\/vc_button][vc_icon position=\u00a0\u00bbleft\u00a0\u00bb display=\u00a0\u00bbinline\u00a0\u00bb icon_image=\u00a0\u00bb2167&Prime; media_size=\u00a0\u00bb116&Prime; uncode_shortcode_id=\u00a0\u00bb778738&Prime; el_class=\u00a0\u00bbico-premio\u00a0\u00bb link=\u00a0\u00bburl:https%3A%2F%2Fbisci.it%2Ftags%2Fwine-spectator%2F\u00a0\u00bb]<\/p>\n<h4>Wine Spectator<\/h4>\n<p>Mill\u00e9sime distingu\u00e9 Villa Castiglioni:<br \/>\n2011[\/vc_icon][\/vc_column][vc_column column_width_percent=\u00a0\u00bb90&Prime; gutter_size=\u00a0\u00bb3&Prime; overlay_alpha=\u00a0\u00bb50&Prime; shift_x=\u00a0\u00bb0&Prime; shift_y=\u00a0\u00bb0&Prime; shift_y_down=\u00a0\u00bb0&Prime; z_index=\u00a0\u00bb0&Prime; medium_width=\u00a0\u00bb0&Prime; mobile_width=\u00a0\u00bb0&Prime; width=\u00a0\u00bb2\/3&Prime; uncode_shortcode_id=\u00a0\u00bb156609&Prime;][vc_custom_heading text_size=\u00a0\u00bbh1&Prime; uncode_shortcode_id=\u00a0\u00bb178342&Prime; el_class=\u00a0\u00bbsection-prd-title\u00a0\u00bb]dati Villa Castiglioni[\/vc_custom_heading][uncode_single_product_additional_info text_lead=\u00a0\u00bbyes\u00a0\u00bb el_class=\u00a0\u00bbspecs\u00a0\u00bb][\/vc_column][\/vc_row][vc_row row_height_percent=\u00a0\u00bb0&Prime; override_padding=\u00a0\u00bbyes\u00a0\u00bb h_padding=\u00a0\u00bb2&Prime; top_padding=\u00a0\u00bb4&Prime; bottom_padding=\u00a0\u00bb0&Prime; back_color=\u00a0\u00bbcolor-prif\u00a0\u00bb overlay_color=\u00a0\u00bbcolor-prif\u00a0\u00bb overlay_alpha=\u00a0\u00bb50&Prime; gutter_size=\u00a0\u00bb3&Prime; column_width_percent=\u00a0\u00bb100&Prime; shift_y=\u00a0\u00bb0&Prime; z_index=\u00a0\u00bb0&Prime; uncode_shortcode_id=\u00a0\u00bb106785&Prime; overlay_color_type=\u00a0\u00bbuncode-palette\u00a0\u00bb back_color_type=\u00a0\u00bbuncode-palette\u00a0\u00bb][vc_column column_width_percent=\u00a0\u00bb100&Prime; position_horizontal=\u00a0\u00bbright\u00a0\u00bb gutter_size=\u00a0\u00bb3&Prime; overlay_alpha=\u00a0\u00bb50&Prime; shift_x=\u00a0\u00bb0&Prime; shift_y=\u00a0\u00bb0&Prime; shift_y_down=\u00a0\u00bb0&Prime; z_index=\u00a0\u00bb0&Prime; medium_width=\u00a0\u00bb0&Prime; mobile_width=\u00a0\u00bb0&Prime; width=\u00a0\u00bb1\/3&Prime; uncode_shortcode_id=\u00a0\u00bb507746&Prime;][vc_custom_heading heading_semantic=\u00a0\u00bbh4&Prime; text_size=\u00a0\u00bbh4&Prime; uncode_shortcode_id=\u00a0\u00bb100153&Prime; subheading=\u00a0\u00bbRouge rubis\u00a0\u00bb el_class=\u00a0\u00bbprd-focus\u00a0\u00bb]Robe[\/vc_custom_heading][\/vc_column][vc_column column_width_percent=\u00a0\u00bb100&Prime; position_horizontal=\u00a0\u00bbright\u00a0\u00bb gutter_size=\u00a0\u00bb3&Prime; overlay_alpha=\u00a0\u00bb50&Prime; shift_x=\u00a0\u00bb0&Prime; shift_y=\u00a0\u00bb0&Prime; shift_y_down=\u00a0\u00bb0&Prime; z_index=\u00a0\u00bb0&Prime; medium_width=\u00a0\u00bb0&Prime; mobile_width=\u00a0\u00bb0&Prime; width=\u00a0\u00bb1\/3&Prime; uncode_shortcode_id=\u00a0\u00bb337012&Prime;][vc_custom_heading heading_semantic=\u00a0\u00bbh4&Prime; text_size=\u00a0\u00bbh4&Prime; uncode_shortcode_id=\u00a0\u00bb242095&Prime; subheading=\u00a0\u00bbSec, chaleureux, harmonieux, soyeux, aux tannins bien pr\u00e9sents et sapide\u00a0\u00bb el_class=\u00a0\u00bbprd-focus\u00a0\u00bb]Bouche[\/vc_custom_heading][\/vc_column][vc_column column_width_percent=\u00a0\u00bb100&Prime; position_horizontal=\u00a0\u00bbright\u00a0\u00bb gutter_size=\u00a0\u00bb3&Prime; overlay_alpha=\u00a0\u00bb50&Prime; shift_x=\u00a0\u00bb0&Prime; shift_y=\u00a0\u00bb0&Prime; shift_y_down=\u00a0\u00bb0&Prime; z_index=\u00a0\u00bb0&Prime; medium_width=\u00a0\u00bb0&Prime; mobile_width=\u00a0\u00bb0&Prime; width=\u00a0\u00bb1\/3&Prime; uncode_shortcode_id=\u00a0\u00bb135058&Prime;][vc_custom_heading heading_semantic=\u00a0\u00bbh4&Prime; text_size=\u00a0\u00bbh4&Prime; uncode_shortcode_id=\u00a0\u00bb126931&Prime; subheading=\u00a0\u00bbVineux et agr\u00e9able, aux notes fruit\u00e9es de cassis et de griotte, avec une touche min\u00e9rale et vanill\u00e9e\u00a0\u00bb el_class=\u00a0\u00bbprd-focus\u00a0\u00bb]Nez[\/vc_custom_heading][\/vc_column][\/vc_row][vc_row row_height_percent=\u00a0\u00bb0&Prime; override_padding=\u00a0\u00bbyes\u00a0\u00bb h_padding=\u00a0\u00bb2&Prime; top_padding=\u00a0\u00bb2&Prime; bottom_padding=\u00a0\u00bb4&Prime; back_color=\u00a0\u00bbcolor-prif\u00a0\u00bb overlay_color=\u00a0\u00bbcolor-prif\u00a0\u00bb overlay_alpha=\u00a0\u00bb50&Prime; gutter_size=\u00a0\u00bb3&Prime; column_width_percent=\u00a0\u00bb100&Prime; shift_y=\u00a0\u00bb0&Prime; z_index=\u00a0\u00bb0&Prime; uncode_shortcode_id=\u00a0\u00bb117222&Prime; overlay_color_type=\u00a0\u00bbuncode-palette\u00a0\u00bb back_color_type=\u00a0\u00bbuncode-palette\u00a0\u00bb][vc_column column_width_percent=\u00a0\u00bb100&Prime; position_horizontal=\u00a0\u00bbright\u00a0\u00bb gutter_size=\u00a0\u00bb3&Prime; overlay_alpha=\u00a0\u00bb50&Prime; shift_x=\u00a0\u00bb0&Prime; shift_y=\u00a0\u00bb0&Prime; shift_y_down=\u00a0\u00bb0&Prime; z_index=\u00a0\u00bb0&Prime; medium_width=\u00a0\u00bb0&Prime; mobile_width=\u00a0\u00bb0&Prime; width=\u00a0\u00bb1\/3&Prime; uncode_shortcode_id=\u00a0\u00bb197305&Prime;][vc_custom_heading heading_semantic=\u00a0\u00bbh4&Prime; text_size=\u00a0\u00bbh4&Prime; uncode_shortcode_id=\u00a0\u00bb130134&Prime; subheading=\u00a0\u00bbSangiovese 100%\u00a0\u00bb el_class=\u00a0\u00bbprd-focus\u00a0\u00bb]C\u00e9page[\/vc_custom_heading][\/vc_column][vc_column column_width_percent=\u00a0\u00bb100&Prime; position_horizontal=\u00a0\u00bbright\u00a0\u00bb gutter_size=\u00a0\u00bb3&Prime; overlay_alpha=\u00a0\u00bb50&Prime; shift_x=\u00a0\u00bb0&Prime; shift_y=\u00a0\u00bb0&Prime; shift_y_down=\u00a0\u00bb0&Prime; z_index=\u00a0\u00bb0&Prime; medium_width=\u00a0\u00bb0&Prime; mobile_width=\u00a0\u00bb0&Prime; width=\u00a0\u00bb1\/3&Prime; uncode_shortcode_id=\u00a0\u00bb173679&Prime;][vc_custom_heading heading_semantic=\u00a0\u00bbh4&Prime; text_size=\u00a0\u00bbh4&Prime; uncode_shortcode_id=\u00a0\u00bb167299&Prime; subheading=\u00a0\u00bb13,5 &#8211; 14% Vol\u00a0\u00bb el_class=\u00a0\u00bbprd-focus\u00a0\u00bb]Degr\u00e9 alcoolique[\/vc_custom_heading][\/vc_column][vc_column column_width_percent=\u00a0\u00bb100&Prime; position_horizontal=\u00a0\u00bbright\u00a0\u00bb gutter_size=\u00a0\u00bb3&Prime; overlay_alpha=\u00a0\u00bb50&Prime; shift_x=\u00a0\u00bb0&Prime; shift_y=\u00a0\u00bb0&Prime; shift_y_down=\u00a0\u00bb0&Prime; z_index=\u00a0\u00bb0&Prime; medium_width=\u00a0\u00bb0&Prime; mobile_width=\u00a0\u00bb0&Prime; width=\u00a0\u00bb1\/3&Prime; uncode_shortcode_id=\u00a0\u00bb213794&Prime;][vc_custom_heading heading_semantic=\u00a0\u00bbh4&Prime; text_size=\u00a0\u00bbh4&Prime; uncode_shortcode_id=\u00a0\u00bb111435&Prime; subheading=\u00a0\u00bb18 &#8211; 20\u00b0C\u00a0\u00bb el_class=\u00a0\u00bbprd-focus\u00a0\u00bb]Temp. de service[\/vc_custom_heading][\/vc_column][\/vc_row][vc_row row_height_percent=\u00a0\u00bb0&Prime; override_padding=\u00a0\u00bbyes\u00a0\u00bb h_padding=\u00a0\u00bb4&Prime; top_padding=\u00a0\u00bb3&Prime; bottom_padding=\u00a0\u00bb3&Prime; overlay_alpha=\u00a0\u00bb50&Prime; gutter_size=\u00a0\u00bb3&Prime; column_width_percent=\u00a0\u00bb100&Prime; shift_y=\u00a0\u00bb0&Prime; z_index=\u00a0\u00bb0&Prime; uncode_shortcode_id=\u00a0\u00bb196037&Prime; el_class=\u00a0\u00bbdeg-cta\u00a0\u00bb][vc_column width=\u00a0\u00bb1\/1&Prime;][vc_single_image media=\u00a0\u00bb420&Prime; media_width_percent=\u00a0\u00bb100&Prime; media_ratio=\u00a0\u00bbtwentyone-nine\u00a0\u00bb alignment=\u00a0\u00bbcenter\u00a0\u00bb advanced=\u00a0\u00bbyes\u00a0\u00bb media_items=\u00a0\u00bbmedia|original,title,description\u00a0\u00bb media_overlay_color=\u00a0\u00bbcolor-jevc\u00a0\u00bb media_overlay_opacity=\u00a0\u00bb80&Prime; media_overlay_visible=\u00a0\u00bbyes\u00a0\u00bb media_overlay_anim=\u00a0\u00bbno\u00a0\u00bb media_text_visible=\u00a0\u00bbyes\u00a0\u00bb media_text_anim=\u00a0\u00bbno\u00a0\u00bb media_image_anim=\u00a0\u00bbno\u00a0\u00bb media_h_position=\u00a0\u00bbcenter\u00a0\u00bb media_padding=\u00a0\u00bb2&Prime; text_lead=\u00a0\u00bbyes\u00a0\u00bb uncode_shortcode_id=\u00a0\u00bb169542&Prime; media_link=\u00a0\u00bburl:https%3A%2F%2Fbisci.it%2Ffr%2Fenoturismo-degustazioni-bisci%2F\u00a0\u00bb media_overlay_color_type=\u00a0\u00bbuncode-palette\u00a0\u00bb media_title_custom=\u00a0\u00bbEssayez-le \u00e0 la cave\u00a0\u00bb media_subtitle_custom=\u00a0\u00bbR\u00e9servez une d\u00e9gustation\u00a0\u00bb][\/vc_column][\/vc_row][vc_row][vc_column width=\u00a0\u00bb1\/1&Prime;][uncode_block id=\u00a0\u00bb987&Prime;][\/vc_column][\/vc_row]<\/p>\n<\/div>","protected":false},"excerpt":{"rendered":"<p>[vc_row unlock_row_content=\u00a0\u00bbyes\u00a0\u00bb row_height_percent=\u00a0\u00bb74&Prime; back_image=\u00a0\u00bb419&Prime; overlay_alpha=\u00a0\u00bb50&Prime; gutter_size=\u00a0\u00bb3&Prime; column_width_percent=\u00a0\u00bb100&Prime; shift_y=\u00a0\u00bb0&Prime; z_index=\u00a0\u00bb0&Prime; enable_bottom_divider=\u00a0\u00bbdefault\u00a0\u00bb bottom_divider=\u00a0\u00bbtilt\u00a0\u00bb shape_bottom_h_use_pixel=\u00a0\u00bbtrue\u00a0\u00bb shape_bottom_height_percent=\u00a0\u00bb15&Prime; shape_bottom_color=\u00a0\u00bbcolor-prif\u00a0\u00bb shape_bottom_opacity=\u00a0\u00bb100&Prime; shape_bottom_index=\u00a0\u00bb0&Prime; uncode_shortcode_id=\u00a0\u00bb145553&Prime; shape_bottom_color_type=\u00a0\u00bbuncode-palette\u00a0\u00bb el_id=\u00a0\u00bbfirst-prd\u00a0\u00bb][vc_column width=\u00a0\u00bb1\/6&Prime;][\/vc_column][vc_column [&hellip;]<\/p>\n","protected":false},"featured_media":0,"comment_status":"open","ping_status":"closed","template":"","meta":[],"product_brand":[],"product_cat":[184],"product_tag":[],"class_list":{"0":"post-3626","1":"product","2":"type-product","3":"status-publish","5":"product_cat-uncategorized","7":"first","8":"instock","9":"shipping-taxable","10":"product-type-simple"},"yoast_head":"<!-- This site is optimized with the Yoast SEO plugin v26.0 - https:\/\/yoast.com\/wordpress\/plugins\/seo\/ -->\n<title>Villa Castiglioni - BISCI Vini<\/title>\n<meta name=\"description\" content=\"Il vino Villa Castiglioni Rosso Marche IGT della Cantina Bisci di Matelica si ottiene dalla vinificazione di uve Sangiovese - Cantina Bisci vini a Matelica.\" \/>\n<meta name=\"robots\" content=\"index, follow, max-snippet:-1, max-image-preview:large, max-video-preview:-1\" \/>\n<link rel=\"canonical\" href=\"https:\/\/bisci.it\/fr\/product\/villa-castiglioni-rosso-i-g-t\/\" \/>\n<meta property=\"og:locale\" content=\"fr_FR\" \/>\n<meta property=\"og:type\" content=\"article\" \/>\n<meta property=\"og:title\" content=\"Villa Castiglioni - BISCI Vini\" \/>\n<meta property=\"og:description\" content=\"Il vino Villa Castiglioni Rosso Marche IGT della Cantina Bisci di Matelica si ottiene dalla vinificazione di uve Sangiovese - Cantina Bisci vini a Matelica.\" \/>\n<meta property=\"og:url\" content=\"https:\/\/bisci.it\/fr\/product\/villa-castiglioni-rosso-i-g-t\/\" \/>\n<meta property=\"og:site_name\" content=\"BISCI Vini\" \/>\n<meta property=\"article:modified_time\" content=\"2026-05-04T13:16:30+00:00\" \/>\n<meta name=\"twitter:card\" content=\"summary_large_image\" \/>\n<meta name=\"twitter:label1\" content=\"Dur\u00e9e de lecture estim\u00e9e\" \/>\n\t<meta name=\"twitter:data1\" content=\"3 minutes\" \/>\n<script type=\"application\/ld+json\" class=\"yoast-schema-graph\">{\"@context\":\"https:\/\/schema.org\",\"@graph\":[{\"@type\":\"WebPage\",\"@id\":\"https:\/\/bisci.it\/fr\/product\/villa-castiglioni-rosso-i-g-t\/\",\"url\":\"https:\/\/bisci.it\/fr\/product\/villa-castiglioni-rosso-i-g-t\/\",\"name\":\"Villa Castiglioni - BISCI Vini\",\"isPartOf\":{\"@id\":\"https:\/\/bisci.it\/fr\/#website\"},\"datePublished\":\"2022-10-27T14:29:01+00:00\",\"dateModified\":\"2026-05-04T13:16:30+00:00\",\"description\":\"Il vino Villa Castiglioni Rosso Marche IGT della Cantina Bisci di Matelica si ottiene dalla vinificazione di uve Sangiovese - Cantina Bisci vini a Matelica.\",\"breadcrumb\":{\"@id\":\"https:\/\/bisci.it\/fr\/product\/villa-castiglioni-rosso-i-g-t\/#breadcrumb\"},\"inLanguage\":\"fr-FR\",\"potentialAction\":[{\"@type\":\"ReadAction\",\"target\":[\"https:\/\/bisci.it\/fr\/product\/villa-castiglioni-rosso-i-g-t\/\"]}]},{\"@type\":\"BreadcrumbList\",\"@id\":\"https:\/\/bisci.it\/fr\/product\/villa-castiglioni-rosso-i-g-t\/#breadcrumb\",\"itemListElement\":[{\"@type\":\"ListItem\",\"position\":1,\"name\":\"Home\",\"item\":\"https:\/\/bisci.it\/fr\/\"},{\"@type\":\"ListItem\",\"position\":2,\"name\":\"Shop\",\"item\":\"https:\/\/bisci.it\/?page_id=1299\"},{\"@type\":\"ListItem\",\"position\":3,\"name\":\"Villa Castiglioni\"}]},{\"@type\":\"WebSite\",\"@id\":\"https:\/\/bisci.it\/fr\/#website\",\"url\":\"https:\/\/bisci.it\/fr\/\",\"name\":\"BISCI Vini\",\"description\":\"Cantina BISCI - Matelica\",\"potentialAction\":[{\"@type\":\"SearchAction\",\"target\":{\"@type\":\"EntryPoint\",\"urlTemplate\":\"https:\/\/bisci.it\/fr\/?s={search_term_string}\"},\"query-input\":{\"@type\":\"PropertyValueSpecification\",\"valueRequired\":true,\"valueName\":\"search_term_string\"}}],\"inLanguage\":\"fr-FR\"}]}<\/script>\n<!-- \/ Yoast SEO plugin. -->","yoast_head_json":{"title":"Villa Castiglioni - BISCI Vini","description":"Il vino Villa Castiglioni Rosso Marche IGT della Cantina Bisci di Matelica si ottiene dalla vinificazione di uve Sangiovese - Cantina Bisci vini a Matelica.","robots":{"index":"index","follow":"follow","max-snippet":"max-snippet:-1","max-image-preview":"max-image-preview:large","max-video-preview":"max-video-preview:-1"},"canonical":"https:\/\/bisci.it\/fr\/product\/villa-castiglioni-rosso-i-g-t\/","og_locale":"fr_FR","og_type":"article","og_title":"Villa Castiglioni - BISCI Vini","og_description":"Il vino Villa Castiglioni Rosso Marche IGT della Cantina Bisci di Matelica si ottiene dalla vinificazione di uve Sangiovese - Cantina Bisci vini a Matelica.","og_url":"https:\/\/bisci.it\/fr\/product\/villa-castiglioni-rosso-i-g-t\/","og_site_name":"BISCI Vini","article_modified_time":"2026-05-04T13:16:30+00:00","twitter_card":"summary_large_image","twitter_misc":{"Dur\u00e9e de lecture estim\u00e9e":"3 minutes"},"schema":{"@context":"https:\/\/schema.org","@graph":[{"@type":"WebPage","@id":"https:\/\/bisci.it\/fr\/product\/villa-castiglioni-rosso-i-g-t\/","url":"https:\/\/bisci.it\/fr\/product\/villa-castiglioni-rosso-i-g-t\/","name":"Villa Castiglioni - BISCI Vini","isPartOf":{"@id":"https:\/\/bisci.it\/fr\/#website"},"datePublished":"2022-10-27T14:29:01+00:00","dateModified":"2026-05-04T13:16:30+00:00","description":"Il vino Villa Castiglioni Rosso Marche IGT della Cantina Bisci di Matelica si ottiene dalla vinificazione di uve Sangiovese - Cantina Bisci vini a Matelica.","breadcrumb":{"@id":"https:\/\/bisci.it\/fr\/product\/villa-castiglioni-rosso-i-g-t\/#breadcrumb"},"inLanguage":"fr-FR","potentialAction":[{"@type":"ReadAction","target":["https:\/\/bisci.it\/fr\/product\/villa-castiglioni-rosso-i-g-t\/"]}]},{"@type":"BreadcrumbList","@id":"https:\/\/bisci.it\/fr\/product\/villa-castiglioni-rosso-i-g-t\/#breadcrumb","itemListElement":[{"@type":"ListItem","position":1,"name":"Home","item":"https:\/\/bisci.it\/fr\/"},{"@type":"ListItem","position":2,"name":"Shop","item":"https:\/\/bisci.it\/?page_id=1299"},{"@type":"ListItem","position":3,"name":"Villa Castiglioni"}]},{"@type":"WebSite","@id":"https:\/\/bisci.it\/fr\/#website","url":"https:\/\/bisci.it\/fr\/","name":"BISCI Vini","description":"Cantina BISCI - Matelica","potentialAction":[{"@type":"SearchAction","target":{"@type":"EntryPoint","urlTemplate":"https:\/\/bisci.it\/fr\/?s={search_term_string}"},"query-input":{"@type":"PropertyValueSpecification","valueRequired":true,"valueName":"search_term_string"}}],"inLanguage":"fr-FR"}]}},"_links":{"self":[{"href":"https:\/\/bisci.it\/fr\/wp-json\/wp\/v2\/product\/3626","targetHints":{"allow":["GET"]}}],"collection":[{"href":"https:\/\/bisci.it\/fr\/wp-json\/wp\/v2\/product"}],"about":[{"href":"https:\/\/bisci.it\/fr\/wp-json\/wp\/v2\/types\/product"}],"replies":[{"embeddable":true,"href":"https:\/\/bisci.it\/fr\/wp-json\/wp\/v2\/comments?post=3626"}],"wp:attachment":[{"href":"https:\/\/bisci.it\/fr\/wp-json\/wp\/v2\/media?parent=3626"}],"wp:term":[{"taxonomy":"product_brand","embeddable":true,"href":"https:\/\/bisci.it\/fr\/wp-json\/wp\/v2\/product_brand?post=3626"},{"taxonomy":"product_cat","embeddable":true,"href":"https:\/\/bisci.it\/fr\/wp-json\/wp\/v2\/product_cat?post=3626"},{"taxonomy":"product_tag","embeddable":true,"href":"https:\/\/bisci.it\/fr\/wp-json\/wp\/v2\/product_tag?post=3626"}],"curies":[{"name":"wp","href":"https:\/\/api.w.org\/{rel}","templated":true}]}}