{"id":3618,"date":"2022-10-27T16:30:53","date_gmt":"2022-10-27T14:30:53","guid":{"rendered":"https:\/\/bisci.it\/product\/spumante-extra-brut-metodo-martinotti\/"},"modified":"2026-05-04T15:33:43","modified_gmt":"2026-05-04T13:33:43","slug":"spumante-extra-brut-metodo-martinotti","status":"publish","type":"product","link":"https:\/\/bisci.it\/fr\/product\/spumante-extra-brut-metodo-martinotti\/","title":{"rendered":"Extra Brut Metodo Martinotti"},"content":{"rendered":"<div class=\"wpb-content-wrapper\"><p>[vc_row unlock_row_content=\u00a0\u00bbyes\u00a0\u00bb row_height_percent=\u00a0\u00bb74&Prime; back_image=\u00a0\u00bb419&Prime; overlay_alpha=\u00a0\u00bb50&Prime; gutter_size=\u00a0\u00bb3&Prime; column_width_percent=\u00a0\u00bb100&Prime; shift_y=\u00a0\u00bb0&Prime; z_index=\u00a0\u00bb0&Prime; enable_bottom_divider=\u00a0\u00bbdefault\u00a0\u00bb bottom_divider=\u00a0\u00bbtilt\u00a0\u00bb shape_bottom_h_use_pixel=\u00a0\u00bbtrue\u00a0\u00bb shape_bottom_height_percent=\u00a0\u00bb15&Prime; shape_bottom_color=\u00a0\u00bbcolor-prif\u00a0\u00bb shape_bottom_opacity=\u00a0\u00bb100&Prime; shape_bottom_index=\u00a0\u00bb0&Prime; uncode_shortcode_id=\u00a0\u00bb145553&Prime; shape_bottom_color_type=\u00a0\u00bbuncode-palette\u00a0\u00bb el_id=\u00a0\u00bbfirst-prd\u00a0\u00bb][vc_column width=\u00a0\u00bb1\/6&Prime;][\/vc_column][vc_column column_width_percent=\u00a0\u00bb90&Prime; position_vertical=\u00a0\u00bbbottom\u00a0\u00bb gutter_size=\u00a0\u00bb3&Prime; back_color=\u00a0\u00bbcolor-xsdn\u00a0\u00bb overlay_alpha=\u00a0\u00bb50&Prime; shift_x=\u00a0\u00bb0&Prime; shift_y=\u00a0\u00bb3&Prime; shift_y_down=\u00a0\u00bb0&Prime; z_index=\u00a0\u00bb0&Prime; medium_width=\u00a0\u00bb0&Prime; mobile_width=\u00a0\u00bb0&Prime; width=\u00a0\u00bb2\/6&Prime; uncode_shortcode_id=\u00a0\u00bb200235&Prime; el_class=\u00a0\u00bbwhite-box\u00a0\u00bb back_color_type=\u00a0\u00bbuncode-palette\u00a0\u00bb][vc_custom_heading heading_semantic=\u00a0\u00bbh1&Prime; text_size=\u00a0\u00bbh1&Prime; uncode_shortcode_id=\u00a0\u00bb137908&Prime;]Extra Brut<br \/>\nMetodo Martinotti[\/vc_custom_heading][vc_column_text uncode_shortcode_id=\u00a0\u00bb192708&Prime; el_class=\u00a0\u00bbtesto-prd\u00a0\u00bb]\u00c9labor\u00e9 selon la m\u00e9thode Martinotti longue \u2014 10 mois de prise de mousse \u2014 ce Spumante Extra Brut \u00e0 faible dosage exprime avec puret\u00e9 et vivacit\u00e9 le caract\u00e8re min\u00e9ral du Verdicchio de Matelica. Les raisins sont vendang\u00e9s \u00e0 la main et cultiv\u00e9s en agriculture biologique, dans le respect du terroir et des cycles naturels de la vigne.[\/vc_column_text][vc_row_inner row_inner_height_percent=\u00a0\u00bb0&Prime; overlay_alpha=\u00a0\u00bb50&Prime; equal_height=\u00a0\u00bbyes\u00a0\u00bb gutter_size=\u00a0\u00bb1&Prime; shift_y=\u00a0\u00bb0&Prime; z_index=\u00a0\u00bb0&Prime; uncode_shortcode_id=\u00a0\u00bb135837&Prime;][vc_column_inner width=\u00a0\u00bb1\/4&Prime;][vc_single_image media=\u00a0\u00bb412&Prime; media_width_use_pixel=\u00a0\u00bbyes\u00a0\u00bb uncode_shortcode_id=\u00a0\u00bb156144&Prime; media_width_pixel=\u00a0\u00bb70&Prime;][\/vc_column_inner][vc_column_inner column_width_percent=\u00a0\u00bb100&Prime; position_vertical=\u00a0\u00bbmiddle\u00a0\u00bb gutter_size=\u00a0\u00bb3&Prime; overlay_alpha=\u00a0\u00bb50&Prime; shift_x=\u00a0\u00bb0&Prime; shift_y=\u00a0\u00bb0&Prime; shift_y_down=\u00a0\u00bb0&Prime; z_index=\u00a0\u00bb0&Prime; medium_width=\u00a0\u00bb0&Prime; mobile_width=\u00a0\u00bb0&Prime; width=\u00a0\u00bb3\/4&Prime; uncode_shortcode_id=\u00a0\u00bb143835&Prime;][vc_column_text uncode_shortcode_id=\u00a0\u00bb143364&Prime; el_class=\u00a0\u00bbcert\u00a0\u00bb]Certifi\u00e9 en Agriculture Biologique (CCPB) depuis le mill\u00e9sime 2019.[\/vc_column_text][\/vc_column_inner][\/vc_row_inner][vc_button border_animation=\u00a0\u00bbbtn-ripple-out\u00a0\u00bb wide=\u00a0\u00bbyes\u00a0\u00bb hover_fx=\u00a0\u00bboutlined\u00a0\u00bb border_width=\u00a0\u00bb0&Prime; scale_mobile=\u00a0\u00bbno\u00a0\u00bb button_color_type=\u00a0\u00bbuncode-solid\u00a0\u00bb button_color_solid=\u00a0\u00bb#8f7c2c\u00a0\u00bb uncode_shortcode_id=\u00a0\u00bb204217&Prime; link=\u00a0\u00bburl:https%3A%2F%2Fbisci.it%2Fwp-content%2Fuploads%2F2025%2F06%2Fextra-brut_sm.pdf|target:_blank\u00a0\u00bb]FICHE TECHNIQUE[\/vc_button][\/vc_column][vc_column column_width_percent=\u00a0\u00bb100&Prime; gutter_size=\u00a0\u00bb3&Prime; expand_height=\u00a0\u00bbyes\u00a0\u00bb overlay_alpha=\u00a0\u00bb50&Prime; shift_x=\u00a0\u00bb0&Prime; shift_y=\u00a0\u00bb0&Prime; shift_y_down=\u00a0\u00bb0&Prime; z_index=\u00a0\u00bb0&Prime; medium_width=\u00a0\u00bb0&Prime; mobile_visibility=\u00a0\u00bbyes\u00a0\u00bb mobile_width=\u00a0\u00bb0&Prime; css_animation=\u00a0\u00bbalpha-anim\u00a0\u00bb animation_speed=\u00a0\u00bb600&Prime; animation_delay=\u00a0\u00bb300&Prime; width=\u00a0\u00bb3\/6&Prime; uncode_shortcode_id=\u00a0\u00bb156870&Prime; el_class=\u00a0\u00bbimg-prd over-img\u00a0\u00bb][vc_single_image media=\u00a0\u00bb3084&Prime; media_width_percent=\u00a0\u00bb100&Prime; uncode_shortcode_id=\u00a0\u00bb823990&Prime; el_class=\u00a0\u00bbimg-principale\u00a0\u00bb][\/vc_column][\/vc_row][vc_row row_height_percent=\u00a0\u00bb0&Prime; overlay_alpha=\u00a0\u00bb50&Prime; gutter_size=\u00a0\u00bb3&Prime; column_width_percent=\u00a0\u00bb100&Prime; shift_y=\u00a0\u00bb0&Prime; z_index=\u00a0\u00bb0&Prime; desktop_visibility=\u00a0\u00bbyes\u00a0\u00bb content_parallax=\u00a0\u00bb0&Prime; uncode_shortcode_id=\u00a0\u00bb968411&Prime; el_class=\u00a0\u00bbmiddle-res\u00a0\u00bb][vc_column width=\u00a0\u00bb1\/1&Prime;][vc_single_image media=\u00a0\u00bb3087&Prime; media_width_percent=\u00a0\u00bb100&Prime; uncode_shortcode_id=\u00a0\u00bb181168&Prime;][\/vc_column][\/vc_row][vc_row unlock_row_content=\u00a0\u00bbyes\u00a0\u00bb row_height_percent=\u00a0\u00bb0&Prime; override_padding=\u00a0\u00bbyes\u00a0\u00bb h_padding=\u00a0\u00bb4&Prime; top_padding=\u00a0\u00bb7&Prime; bottom_padding=\u00a0\u00bb2&Prime; back_color=\u00a0\u00bbcolor-prif\u00a0\u00bb overlay_alpha=\u00a0\u00bb50&Prime; gutter_size=\u00a0\u00bb3&Prime; column_width_percent=\u00a0\u00bb100&Prime; shift_y=\u00a0\u00bb0&Prime; z_index=\u00a0\u00bb0&Prime; enable_bottom_divider=\u00a0\u00bbdefault\u00a0\u00bb bottom_divider=\u00a0\u00bbstep\u00a0\u00bb shape_bottom_h_use_pixel=\u00a0\u00bbtrue\u00a0\u00bb shape_bottom_height_percent=\u00a0\u00bb35&Prime; shape_bottom_color=\u00a0\u00bbcolor-xsdn\u00a0\u00bb shape_bottom_opacity=\u00a0\u00bb100&Prime; shape_bottom_index=\u00a0\u00bb0&Prime; mobile_visibility=\u00a0\u00bbyes\u00a0\u00bb content_parallax=\u00a0\u00bb0&Prime; uncode_shortcode_id=\u00a0\u00bb206950&Prime; back_color_type=\u00a0\u00bbuncode-palette\u00a0\u00bb shape_bottom_color_type=\u00a0\u00bbuncode-palette\u00a0\u00bb][vc_column width=\u00a0\u00bb1\/1&Prime;][vc_gallery el_id=\u00a0\u00bbgallery-204447&Prime; type=\u00a0\u00bbcarousel\u00a0\u00bb medias=\u00a0\u00bb421,1045,422&Prime; carousel_lg=\u00a0\u00bb3&Prime; carousel_md=\u00a0\u00bb3&Prime; carousel_sm=\u00a0\u00bb1&Prime; gutter_size=\u00a0\u00bb3&Prime; carousel_interval=\u00a0\u00bb0&Prime; carousel_navspeed=\u00a0\u00bb400&Prime; carousel_overflow=\u00a0\u00bbyes\u00a0\u00bb carousel_dots=\u00a0\u00bbyes\u00a0\u00bb stage_padding=\u00a0\u00bb0&Prime; single_overlay_opacity=\u00a0\u00bb20&Prime; single_padding=\u00a0\u00bb2&Prime; single_border=\u00a0\u00bbyes\u00a0\u00bb uncode_shortcode_id=\u00a0\u00bb144015&Prime;][\/vc_column][\/vc_row][vc_row row_height_percent=\u00a0\u00bb0&Prime; override_padding=\u00a0\u00bbyes\u00a0\u00bb h_padding=\u00a0\u00bb0&Prime; top_padding=\u00a0\u00bb2&Prime; bottom_padding=\u00a0\u00bb2&Prime; overlay_alpha=\u00a0\u00bb50&Prime; equal_height=\u00a0\u00bbyes\u00a0\u00bb gutter_size=\u00a0\u00bb4&Prime; column_width_percent=\u00a0\u00bb100&Prime; shift_y=\u00a0\u00bb0&Prime; z_index=\u00a0\u00bb0&Prime; uncode_shortcode_id=\u00a0\u00bb103355&Prime; el_class=\u00a0\u00bbback-prd\u00a0\u00bb][vc_column column_width_percent=\u00a0\u00bb100&Prime; gutter_size=\u00a0\u00bb3&Prime; overlay_alpha=\u00a0\u00bb50&Prime; shift_x=\u00a0\u00bb0&Prime; shift_y=\u00a0\u00bb0&Prime; shift_y_down=\u00a0\u00bb0&Prime; z_index=\u00a0\u00bb0&Prime; desktop_visibility=\u00a0\u00bbyes\u00a0\u00bb medium_visibility=\u00a0\u00bbyes\u00a0\u00bb medium_width=\u00a0\u00bb0&Prime; mobile_visibility=\u00a0\u00bbyes\u00a0\u00bb mobile_width=\u00a0\u00bb0&Prime; width=\u00a0\u00bb1\/3&Prime; uncode_shortcode_id=\u00a0\u00bb497332&Prime; el_id=\u00a0\u00bbsingle-premi\u00a0\u00bb][vc_custom_heading text_size=\u00a0\u00bbh1&Prime; uncode_shortcode_id=\u00a0\u00bb615395&Prime; el_class=\u00a0\u00bbsection-prd-title\u00a0\u00bb]Premi e<br \/>\nRiconoscimenti[\/vc_custom_heading][vc_icon position=\u00a0\u00bbleft\u00a0\u00bb display=\u00a0\u00bbinline\u00a0\u00bb icon_image=\u00a0\u00bb416&Prime; media_size=\u00a0\u00bb116&Prime; uncode_shortcode_id=\u00a0\u00bb203008&Prime; el_class=\u00a0\u00bbico-premio\u00a0\u00bb]<\/p>\n<h4>Slow wine<br \/>\n2020<\/h4>\n<p><span class=\"nominazione\">Vino quotidiano<br \/>\nVerdicchio di Matelica Doc 2019<\/span>[\/vc_icon][vc_icon position=\u00a0\u00bbleft\u00a0\u00bb display=\u00a0\u00bbinline\u00a0\u00bb icon_image=\u00a0\u00bb413&Prime; media_size=\u00a0\u00bb116&Prime; uncode_shortcode_id=\u00a0\u00bb880895&Prime; el_class=\u00a0\u00bbico-premio\u00a0\u00bb]<\/p>\n<h4>Gambero Rosso<br \/>\nBerebene 2019<\/h4>\n<p><span class=\"nominazione\">Premio regionale qualit\u00e0 prezzo<br \/>\nVerdicchio di Matelica Doc 2017<\/span>[\/vc_icon][vc_icon position=\u00a0\u00bbleft\u00a0\u00bb display=\u00a0\u00bbinline\u00a0\u00bb icon_image=\u00a0\u00bb415&Prime; media_size=\u00a0\u00bb116&Prime; uncode_shortcode_id=\u00a0\u00bb205824&Prime; el_class=\u00a0\u00bbico-premio\u00a0\u00bb]<\/p>\n<h4>Gambero Rosso<br \/>\nTre Bicchieri<\/h4>\n<p><span class=\"nominazione\">Guida Vini d\u2019Italia 2020<br \/>\nVerdicchio di Matelica Doc 2018<\/span>[\/vc_icon][vc_icon position=\u00a0\u00bbleft\u00a0\u00bb display=\u00a0\u00bbinline\u00a0\u00bb icon_image=\u00a0\u00bb417&Prime; media_size=\u00a0\u00bb116&Prime; uncode_shortcode_id=\u00a0\u00bb185172&Prime; el_class=\u00a0\u00bbico-premio\u00a0\u00bb]<\/p>\n<h4>Sommelier Wine<br \/>\nAwards 2018<\/h4>\n<p><span class=\"nominazione\">Silver<br \/>\nVerdicchio di Matelica Doc 2016<\/span>[\/vc_icon][vc_icon position=\u00a0\u00bbleft\u00a0\u00bb display=\u00a0\u00bbinline\u00a0\u00bb icon_image=\u00a0\u00bb418&Prime; media_size=\u00a0\u00bb116&Prime; uncode_shortcode_id=\u00a0\u00bb990853&Prime; el_class=\u00a0\u00bbico-premio\u00a0\u00bb]<\/p>\n<h4>Gilbert &amp; Gaillard<br \/>\nInternation competition 2017<\/h4>\n<p><span class=\"nominazione\">Gold<br \/>\nVerdicchio di Matelica Doc 2016<\/span>[\/vc_icon][\/vc_column][vc_column column_width_percent=\u00a0\u00bb90&Prime; gutter_size=\u00a0\u00bb3&Prime; overlay_alpha=\u00a0\u00bb50&Prime; shift_x=\u00a0\u00bb0&Prime; shift_y=\u00a0\u00bb0&Prime; shift_y_down=\u00a0\u00bb0&Prime; z_index=\u00a0\u00bb0&Prime; medium_width=\u00a0\u00bb0&Prime; mobile_width=\u00a0\u00bb0&Prime; width=\u00a0\u00bb2\/3&Prime; uncode_shortcode_id=\u00a0\u00bb156609&Prime;][vc_custom_heading text_size=\u00a0\u00bbh1&Prime; separator=\u00a0\u00bbover\u00a0\u00bb uncode_shortcode_id=\u00a0\u00bb933969&Prime; el_class=\u00a0\u00bbsection-prd-title\u00a0\u00bb subheading=\u00a0\u00bb(*) La m\u00e9thode Martinotti a \u00e9t\u00e9 mise au point par Federico Martinotti, originaire de Villanova Monferrato dans le Pi\u00e9mont, en 1895. Vers 1900, la m\u00e9thode a \u00e9t\u00e9 perfectionn\u00e9e par l&rsquo;agronome et \u0153nologue fran\u00e7ais Eug\u00e8ne Charmat et est devenue c\u00e9l\u00e8bre sous son nom.\u00a0\u00bb]Fiche technique\u00a0 Extra Brut[\/vc_custom_heading][uncode_single_product_additional_info text_lead=\u00a0\u00bbyes\u00a0\u00bb el_class=\u00a0\u00bbspecs\u00a0\u00bb][\/vc_column][\/vc_row][vc_row row_height_percent=\u00a0\u00bb0&Prime; override_padding=\u00a0\u00bbyes\u00a0\u00bb h_padding=\u00a0\u00bb2&Prime; top_padding=\u00a0\u00bb2&Prime; bottom_padding=\u00a0\u00bb4&Prime; back_color=\u00a0\u00bbcolor-prif\u00a0\u00bb overlay_color=\u00a0\u00bbcolor-prif\u00a0\u00bb overlay_alpha=\u00a0\u00bb50&Prime; gutter_size=\u00a0\u00bb3&Prime; column_width_percent=\u00a0\u00bb100&Prime; shift_y=\u00a0\u00bb0&Prime; z_index=\u00a0\u00bb0&Prime; uncode_shortcode_id=\u00a0\u00bb117222&Prime; overlay_color_type=\u00a0\u00bbuncode-palette\u00a0\u00bb back_color_type=\u00a0\u00bbuncode-palette\u00a0\u00bb][vc_column column_width_percent=\u00a0\u00bb100&Prime; position_horizontal=\u00a0\u00bbright\u00a0\u00bb gutter_size=\u00a0\u00bb3&Prime; overlay_alpha=\u00a0\u00bb50&Prime; shift_x=\u00a0\u00bb0&Prime; shift_y=\u00a0\u00bb0&Prime; shift_y_down=\u00a0\u00bb0&Prime; z_index=\u00a0\u00bb0&Prime; medium_width=\u00a0\u00bb0&Prime; mobile_width=\u00a0\u00bb0&Prime; width=\u00a0\u00bb1\/3&Prime; uncode_shortcode_id=\u00a0\u00bb197305&Prime;][vc_custom_heading heading_semantic=\u00a0\u00bbh4&Prime; text_size=\u00a0\u00bbh4&Prime; uncode_shortcode_id=\u00a0\u00bb129359&Prime; subheading=\u00a0\u00bbVerdicchio 100%\u00a0\u00bb el_class=\u00a0\u00bbprd-focus\u00a0\u00bb]C\u00e9page[\/vc_custom_heading][\/vc_column][vc_column column_width_percent=\u00a0\u00bb100&Prime; position_horizontal=\u00a0\u00bbright\u00a0\u00bb gutter_size=\u00a0\u00bb3&Prime; overlay_alpha=\u00a0\u00bb50&Prime; shift_x=\u00a0\u00bb0&Prime; shift_y=\u00a0\u00bb0&Prime; shift_y_down=\u00a0\u00bb0&Prime; z_index=\u00a0\u00bb0&Prime; medium_width=\u00a0\u00bb0&Prime; mobile_width=\u00a0\u00bb0&Prime; width=\u00a0\u00bb1\/3&Prime; uncode_shortcode_id=\u00a0\u00bb173679&Prime;][vc_custom_heading heading_semantic=\u00a0\u00bbh4&Prime; text_size=\u00a0\u00bbh4&Prime; uncode_shortcode_id=\u00a0\u00bb120942&Prime; subheading=\u00a0\u00bb12% Vol\u00a0\u00bb el_class=\u00a0\u00bbprd-focus\u00a0\u00bb]Degr\u00e9 alcoolique[\/vc_custom_heading][\/vc_column][vc_column column_width_percent=\u00a0\u00bb100&Prime; position_horizontal=\u00a0\u00bbright\u00a0\u00bb gutter_size=\u00a0\u00bb3&Prime; overlay_alpha=\u00a0\u00bb50&Prime; shift_x=\u00a0\u00bb0&Prime; shift_y=\u00a0\u00bb0&Prime; shift_y_down=\u00a0\u00bb0&Prime; z_index=\u00a0\u00bb0&Prime; medium_width=\u00a0\u00bb0&Prime; mobile_width=\u00a0\u00bb0&Prime; width=\u00a0\u00bb1\/3&Prime; uncode_shortcode_id=\u00a0\u00bb213794&Prime;][vc_custom_heading heading_semantic=\u00a0\u00bbh4&Prime; text_size=\u00a0\u00bbh4&Prime; uncode_shortcode_id=\u00a0\u00bb212236&Prime; subheading=\u00a0\u00bb4 &#8211; 6\u00b0C\u00a0\u00bb el_class=\u00a0\u00bbprd-focus\u00a0\u00bb]Temp. de service[\/vc_custom_heading][\/vc_column][\/vc_row][vc_row row_height_percent=\u00a0\u00bb0&Prime; override_padding=\u00a0\u00bbyes\u00a0\u00bb h_padding=\u00a0\u00bb4&Prime; top_padding=\u00a0\u00bb3&Prime; bottom_padding=\u00a0\u00bb3&Prime; overlay_alpha=\u00a0\u00bb50&Prime; gutter_size=\u00a0\u00bb3&Prime; column_width_percent=\u00a0\u00bb100&Prime; shift_y=\u00a0\u00bb0&Prime; z_index=\u00a0\u00bb0&Prime; uncode_shortcode_id=\u00a0\u00bb196037&Prime; el_class=\u00a0\u00bbdeg-cta\u00a0\u00bb][vc_column width=\u00a0\u00bb1\/1&Prime;][vc_single_image media=\u00a0\u00bb420&Prime; media_width_percent=\u00a0\u00bb100&Prime; media_ratio=\u00a0\u00bbtwentyone-nine\u00a0\u00bb alignment=\u00a0\u00bbcenter\u00a0\u00bb advanced=\u00a0\u00bbyes\u00a0\u00bb media_items=\u00a0\u00bbmedia|original,title,description\u00a0\u00bb media_overlay_color=\u00a0\u00bbcolor-jevc\u00a0\u00bb media_overlay_opacity=\u00a0\u00bb80&Prime; media_overlay_visible=\u00a0\u00bbyes\u00a0\u00bb media_overlay_anim=\u00a0\u00bbno\u00a0\u00bb media_text_visible=\u00a0\u00bbyes\u00a0\u00bb media_text_anim=\u00a0\u00bbno\u00a0\u00bb media_image_anim=\u00a0\u00bbno\u00a0\u00bb media_h_position=\u00a0\u00bbcenter\u00a0\u00bb media_padding=\u00a0\u00bb2&Prime; text_lead=\u00a0\u00bbyes\u00a0\u00bb uncode_shortcode_id=\u00a0\u00bb194640&Prime; media_link=\u00a0\u00bburl:https%3A%2F%2Fbisci.it%2Ffr%2Fenoturismo-degustazioni-bisci%2F\u00a0\u00bb media_overlay_color_type=\u00a0\u00bbuncode-palette\u00a0\u00bb media_title_custom=\u00a0\u00bbEssayez-le \u00e0 la cave\u00a0\u00bb media_subtitle_custom=\u00a0\u00bbR\u00e9servez une d\u00e9gustation\u00a0\u00bb][\/vc_column][\/vc_row][vc_row][vc_column width=\u00a0\u00bb1\/1&Prime;][uncode_block id=\u00a0\u00bb987&Prime;][\/vc_column][\/vc_row]<\/p>\n<\/div>","protected":false},"excerpt":{"rendered":"<p>Vino Spumante di qualit\u00e0 metodo \u201cMartinotti\u201d lungo \u2013 10 mesi\/extra brut a basso dosaggio.<\/p>\n","protected":false},"featured_media":0,"comment_status":"open","ping_status":"closed","template":"","meta":[],"product_brand":[],"product_cat":[184],"product_tag":[],"class_list":{"0":"post-3618","1":"product","2":"type-product","3":"status-publish","5":"product_cat-uncategorized","7":"first","8":"instock","9":"shipping-taxable","10":"product-type-simple"},"yoast_head":"<!-- This site is optimized with the Yoast SEO plugin v26.0 - https:\/\/yoast.com\/wordpress\/plugins\/seo\/ -->\n<title>Extra Brut Metodo Martinotti - BISCI Vini<\/title>\n<meta name=\"description\" content=\"BISCI Spumante Extra Brut di alta qualit\u00e0 Metodo Martinotti. Da uve Verdicchio raccolte a mano e coltivate secondo il metodo biologico.\" \/>\n<meta name=\"robots\" content=\"index, follow, max-snippet:-1, max-image-preview:large, max-video-preview:-1\" \/>\n<link rel=\"canonical\" href=\"https:\/\/bisci.it\/fr\/product\/spumante-extra-brut-metodo-martinotti\/\" \/>\n<meta property=\"og:locale\" content=\"fr_FR\" \/>\n<meta property=\"og:type\" content=\"article\" \/>\n<meta property=\"og:title\" content=\"Extra Brut Metodo Martinotti - BISCI Vini\" \/>\n<meta property=\"og:description\" content=\"BISCI Spumante Extra Brut di alta qualit\u00e0 Metodo Martinotti. Da uve Verdicchio raccolte a mano e coltivate secondo il metodo biologico.\" \/>\n<meta property=\"og:url\" content=\"https:\/\/bisci.it\/fr\/product\/spumante-extra-brut-metodo-martinotti\/\" \/>\n<meta property=\"og:site_name\" content=\"BISCI Vini\" \/>\n<meta property=\"article:modified_time\" content=\"2026-05-04T13:33:43+00:00\" \/>\n<meta name=\"twitter:card\" content=\"summary_large_image\" \/>\n<meta name=\"twitter:label1\" content=\"Dur\u00e9e de lecture estim\u00e9e\" \/>\n\t<meta name=\"twitter:data1\" content=\"3 minutes\" \/>\n<script type=\"application\/ld+json\" class=\"yoast-schema-graph\">{\"@context\":\"https:\/\/schema.org\",\"@graph\":[{\"@type\":\"WebPage\",\"@id\":\"https:\/\/bisci.it\/fr\/product\/spumante-extra-brut-metodo-martinotti\/\",\"url\":\"https:\/\/bisci.it\/fr\/product\/spumante-extra-brut-metodo-martinotti\/\",\"name\":\"Extra Brut Metodo Martinotti - BISCI Vini\",\"isPartOf\":{\"@id\":\"https:\/\/bisci.it\/fr\/#website\"},\"datePublished\":\"2022-10-27T14:30:53+00:00\",\"dateModified\":\"2026-05-04T13:33:43+00:00\",\"description\":\"BISCI Spumante Extra Brut di alta qualit\u00e0 Metodo Martinotti. Da uve Verdicchio raccolte a mano e coltivate secondo il metodo biologico.\",\"breadcrumb\":{\"@id\":\"https:\/\/bisci.it\/fr\/product\/spumante-extra-brut-metodo-martinotti\/#breadcrumb\"},\"inLanguage\":\"fr-FR\",\"potentialAction\":[{\"@type\":\"ReadAction\",\"target\":[\"https:\/\/bisci.it\/fr\/product\/spumante-extra-brut-metodo-martinotti\/\"]}]},{\"@type\":\"BreadcrumbList\",\"@id\":\"https:\/\/bisci.it\/fr\/product\/spumante-extra-brut-metodo-martinotti\/#breadcrumb\",\"itemListElement\":[{\"@type\":\"ListItem\",\"position\":1,\"name\":\"Home\",\"item\":\"https:\/\/bisci.it\/fr\/\"},{\"@type\":\"ListItem\",\"position\":2,\"name\":\"Shop\",\"item\":\"https:\/\/bisci.it\/?page_id=1299\"},{\"@type\":\"ListItem\",\"position\":3,\"name\":\"Extra Brut Metodo Martinotti\"}]},{\"@type\":\"WebSite\",\"@id\":\"https:\/\/bisci.it\/fr\/#website\",\"url\":\"https:\/\/bisci.it\/fr\/\",\"name\":\"BISCI Vini\",\"description\":\"Cantina BISCI - Matelica\",\"potentialAction\":[{\"@type\":\"SearchAction\",\"target\":{\"@type\":\"EntryPoint\",\"urlTemplate\":\"https:\/\/bisci.it\/fr\/?s={search_term_string}\"},\"query-input\":{\"@type\":\"PropertyValueSpecification\",\"valueRequired\":true,\"valueName\":\"search_term_string\"}}],\"inLanguage\":\"fr-FR\"}]}<\/script>\n<!-- \/ Yoast SEO plugin. -->","yoast_head_json":{"title":"Extra Brut Metodo Martinotti - BISCI Vini","description":"BISCI Spumante Extra Brut di alta qualit\u00e0 Metodo Martinotti. Da uve Verdicchio raccolte a mano e coltivate secondo il metodo biologico.","robots":{"index":"index","follow":"follow","max-snippet":"max-snippet:-1","max-image-preview":"max-image-preview:large","max-video-preview":"max-video-preview:-1"},"canonical":"https:\/\/bisci.it\/fr\/product\/spumante-extra-brut-metodo-martinotti\/","og_locale":"fr_FR","og_type":"article","og_title":"Extra Brut Metodo Martinotti - BISCI Vini","og_description":"BISCI Spumante Extra Brut di alta qualit\u00e0 Metodo Martinotti. Da uve Verdicchio raccolte a mano e coltivate secondo il metodo biologico.","og_url":"https:\/\/bisci.it\/fr\/product\/spumante-extra-brut-metodo-martinotti\/","og_site_name":"BISCI Vini","article_modified_time":"2026-05-04T13:33:43+00:00","twitter_card":"summary_large_image","twitter_misc":{"Dur\u00e9e de lecture estim\u00e9e":"3 minutes"},"schema":{"@context":"https:\/\/schema.org","@graph":[{"@type":"WebPage","@id":"https:\/\/bisci.it\/fr\/product\/spumante-extra-brut-metodo-martinotti\/","url":"https:\/\/bisci.it\/fr\/product\/spumante-extra-brut-metodo-martinotti\/","name":"Extra Brut Metodo Martinotti - BISCI Vini","isPartOf":{"@id":"https:\/\/bisci.it\/fr\/#website"},"datePublished":"2022-10-27T14:30:53+00:00","dateModified":"2026-05-04T13:33:43+00:00","description":"BISCI Spumante Extra Brut di alta qualit\u00e0 Metodo Martinotti. Da uve Verdicchio raccolte a mano e coltivate secondo il metodo biologico.","breadcrumb":{"@id":"https:\/\/bisci.it\/fr\/product\/spumante-extra-brut-metodo-martinotti\/#breadcrumb"},"inLanguage":"fr-FR","potentialAction":[{"@type":"ReadAction","target":["https:\/\/bisci.it\/fr\/product\/spumante-extra-brut-metodo-martinotti\/"]}]},{"@type":"BreadcrumbList","@id":"https:\/\/bisci.it\/fr\/product\/spumante-extra-brut-metodo-martinotti\/#breadcrumb","itemListElement":[{"@type":"ListItem","position":1,"name":"Home","item":"https:\/\/bisci.it\/fr\/"},{"@type":"ListItem","position":2,"name":"Shop","item":"https:\/\/bisci.it\/?page_id=1299"},{"@type":"ListItem","position":3,"name":"Extra Brut Metodo Martinotti"}]},{"@type":"WebSite","@id":"https:\/\/bisci.it\/fr\/#website","url":"https:\/\/bisci.it\/fr\/","name":"BISCI Vini","description":"Cantina BISCI - Matelica","potentialAction":[{"@type":"SearchAction","target":{"@type":"EntryPoint","urlTemplate":"https:\/\/bisci.it\/fr\/?s={search_term_string}"},"query-input":{"@type":"PropertyValueSpecification","valueRequired":true,"valueName":"search_term_string"}}],"inLanguage":"fr-FR"}]}},"_links":{"self":[{"href":"https:\/\/bisci.it\/fr\/wp-json\/wp\/v2\/product\/3618","targetHints":{"allow":["GET"]}}],"collection":[{"href":"https:\/\/bisci.it\/fr\/wp-json\/wp\/v2\/product"}],"about":[{"href":"https:\/\/bisci.it\/fr\/wp-json\/wp\/v2\/types\/product"}],"replies":[{"embeddable":true,"href":"https:\/\/bisci.it\/fr\/wp-json\/wp\/v2\/comments?post=3618"}],"wp:attachment":[{"href":"https:\/\/bisci.it\/fr\/wp-json\/wp\/v2\/media?parent=3618"}],"wp:term":[{"taxonomy":"product_brand","embeddable":true,"href":"https:\/\/bisci.it\/fr\/wp-json\/wp\/v2\/product_brand?post=3618"},{"taxonomy":"product_cat","embeddable":true,"href":"https:\/\/bisci.it\/fr\/wp-json\/wp\/v2\/product_cat?post=3618"},{"taxonomy":"product_tag","embeddable":true,"href":"https:\/\/bisci.it\/fr\/wp-json\/wp\/v2\/product_tag?post=3618"}],"curies":[{"name":"wp","href":"https:\/\/api.w.org\/{rel}","templated":true}]}}