{"id":3617,"date":"2025-06-26T15:06:12","date_gmt":"2025-06-26T13:06:12","guid":{"rendered":"https:\/\/bisci.it\/product\/a-nonna-rosa\/"},"modified":"2026-05-04T15:03:00","modified_gmt":"2026-05-04T13:03:00","slug":"a-nonna-rosa","status":"publish","type":"product","link":"https:\/\/bisci.it\/fr\/product\/a-nonna-rosa\/","title":{"rendered":"A Nonna Rosa"},"content":{"rendered":"<div class=\"wpb-content-wrapper\"><p>[vc_row unlock_row_content=\u00a0\u00bbyes\u00a0\u00bb row_height_percent=\u00a0\u00bb74&Prime; back_image=\u00a0\u00bb419&Prime; overlay_alpha=\u00a0\u00bb50&Prime; gutter_size=\u00a0\u00bb3&Prime; column_width_percent=\u00a0\u00bb100&Prime; shift_y=\u00a0\u00bb0&Prime; z_index=\u00a0\u00bb0&Prime; enable_bottom_divider=\u00a0\u00bbdefault\u00a0\u00bb bottom_divider=\u00a0\u00bbtilt\u00a0\u00bb shape_bottom_h_use_pixel=\u00a0\u00bbtrue\u00a0\u00bb shape_bottom_height_percent=\u00a0\u00bb15&Prime; shape_bottom_color=\u00a0\u00bbcolor-prif\u00a0\u00bb shape_bottom_opacity=\u00a0\u00bb100&Prime; shape_bottom_index=\u00a0\u00bb0&Prime; uncode_shortcode_id=\u00a0\u00bb145553&Prime; shape_bottom_color_type=\u00a0\u00bbuncode-palette\u00a0\u00bb el_id=\u00a0\u00bbfirst-prd\u00a0\u00bb][vc_column width=\u00a0\u00bb1\/6&Prime;][\/vc_column][vc_column column_width_percent=\u00a0\u00bb90&Prime; position_vertical=\u00a0\u00bbbottom\u00a0\u00bb gutter_size=\u00a0\u00bb3&Prime; back_color=\u00a0\u00bbcolor-xsdn\u00a0\u00bb overlay_alpha=\u00a0\u00bb50&Prime; shift_x=\u00a0\u00bb0&Prime; shift_y=\u00a0\u00bb3&Prime; shift_y_down=\u00a0\u00bb0&Prime; z_index=\u00a0\u00bb0&Prime; medium_width=\u00a0\u00bb0&Prime; mobile_width=\u00a0\u00bb0&Prime; width=\u00a0\u00bb2\/6&Prime; uncode_shortcode_id=\u00a0\u00bb200235&Prime; el_class=\u00a0\u00bbwhite-box\u00a0\u00bb back_color_type=\u00a0\u00bbuncode-palette\u00a0\u00bb][vc_custom_heading heading_semantic=\u00a0\u00bbh1&Prime; text_size=\u00a0\u00bbh1&Prime; uncode_shortcode_id=\u00a0\u00bb766356&Prime;]A Nonna Rosa<br \/>\nIGT Marche Rosato[\/vc_custom_heading][vc_column_text uncode_shortcode_id=\u00a0\u00bb903882&Prime; el_class=\u00a0\u00bbtesto-prd\u00a0\u00bb]Un hommage sinc\u00e8re \u00e0 la grand-m\u00e8re de la famille Bisci, Rosa, dont le souvenir guide encore aujourd&rsquo;hui l&rsquo;\u00e2me du domaine. Ce ros\u00e9 porte son nom avec tendresse et fiert\u00e9. Issu d&rsquo;une vendange pr\u00e9coce de Sangiovese provenant de la m\u00eame parcelle historique que notre rouge Villa Castiglioni, il est \u00e9labor\u00e9 avec la m\u00eame exigence que tous nos vins \u2014 pressurage doux, transfert imm\u00e9diat du mo\u00fbt en cuve \u2014 pour en pr\u00e9server toute la fra\u00eecheur et la d\u00e9licatesse naturelle. L\u00e9ger, min\u00e9ral et d&rsquo;une grande finesse aromatique, ce vin est une invitation \u00e0 la joie simple et \u00e0 la convivialit\u00e9 \u2014 des valeurs que Nonna Rosa incarnait.[\/vc_column_text][vc_button border_animation=\u00a0\u00bbbtn-ripple-out\u00a0\u00bb wide=\u00a0\u00bbyes\u00a0\u00bb hover_fx=\u00a0\u00bboutlined\u00a0\u00bb border_width=\u00a0\u00bb0&Prime; scale_mobile=\u00a0\u00bbno\u00a0\u00bb button_color_type=\u00a0\u00bbuncode-solid\u00a0\u00bb button_color_solid=\u00a0\u00bb#8f7c2c\u00a0\u00bb uncode_shortcode_id=\u00a0\u00bb194510&Prime; link=\u00a0\u00bburl:https%3A%2F%2Fbisci.it%2Fwp-content%2Fuploads%2F2025%2F06%2Fa-nonna-rosa_sm.pdf|target:_blank\u00a0\u00bb]FICHE TECHNIQUE[\/vc_button][\/vc_column][vc_column column_width_percent=\u00a0\u00bb100&Prime; gutter_size=\u00a0\u00bb3&Prime; expand_height=\u00a0\u00bbyes\u00a0\u00bb overlay_alpha=\u00a0\u00bb50&Prime; shift_x=\u00a0\u00bb0&Prime; shift_y=\u00a0\u00bb0&Prime; shift_y_down=\u00a0\u00bb0&Prime; z_index=\u00a0\u00bb0&Prime; medium_width=\u00a0\u00bb0&Prime; mobile_visibility=\u00a0\u00bbyes\u00a0\u00bb mobile_width=\u00a0\u00bb0&Prime; css_animation=\u00a0\u00bbalpha-anim\u00a0\u00bb animation_speed=\u00a0\u00bb600&Prime; animation_delay=\u00a0\u00bb300&Prime; width=\u00a0\u00bb3\/6&Prime; uncode_shortcode_id=\u00a0\u00bb462632&Prime; el_class=\u00a0\u00bbimg-prd over-img\u00a0\u00bb][vc_single_image media=\u00a0\u00bb3624&Prime; media_width_percent=\u00a0\u00bb100&Prime; uncode_shortcode_id=\u00a0\u00bb872826&Prime; el_class=\u00a0\u00bbimg-principale\u00a0\u00bb][\/vc_column][\/vc_row][vc_row row_height_percent=\u00a0\u00bb0&Prime; overlay_alpha=\u00a0\u00bb50&Prime; gutter_size=\u00a0\u00bb3&Prime; column_width_percent=\u00a0\u00bb100&Prime; shift_y=\u00a0\u00bb0&Prime; z_index=\u00a0\u00bb0&Prime; desktop_visibility=\u00a0\u00bbyes\u00a0\u00bb content_parallax=\u00a0\u00bb0&Prime; uncode_shortcode_id=\u00a0\u00bb197737&Prime; el_class=\u00a0\u00bbmiddle-res\u00a0\u00bb][vc_column width=\u00a0\u00bb1\/1&Prime;][vc_single_image media=\u00a0\u00bb3625&Prime; media_width_percent=\u00a0\u00bb100&Prime; alignment=\u00a0\u00bbcenter\u00a0\u00bb uncode_shortcode_id=\u00a0\u00bb931542&Prime;][\/vc_column][\/vc_row][vc_row unlock_row_content=\u00a0\u00bbyes\u00a0\u00bb row_height_percent=\u00a0\u00bb0&Prime; override_padding=\u00a0\u00bbyes\u00a0\u00bb h_padding=\u00a0\u00bb4&Prime; top_padding=\u00a0\u00bb7&Prime; bottom_padding=\u00a0\u00bb2&Prime; back_color=\u00a0\u00bbcolor-prif\u00a0\u00bb overlay_alpha=\u00a0\u00bb50&Prime; gutter_size=\u00a0\u00bb3&Prime; column_width_percent=\u00a0\u00bb100&Prime; shift_y=\u00a0\u00bb0&Prime; z_index=\u00a0\u00bb0&Prime; enable_bottom_divider=\u00a0\u00bbdefault\u00a0\u00bb bottom_divider=\u00a0\u00bbstep\u00a0\u00bb shape_bottom_h_use_pixel=\u00a0\u00bbtrue\u00a0\u00bb shape_bottom_height_percent=\u00a0\u00bb35&Prime; shape_bottom_color=\u00a0\u00bbcolor-xsdn\u00a0\u00bb shape_bottom_opacity=\u00a0\u00bb100&Prime; shape_bottom_index=\u00a0\u00bb0&Prime; mobile_visibility=\u00a0\u00bbyes\u00a0\u00bb content_parallax=\u00a0\u00bb0&Prime; uncode_shortcode_id=\u00a0\u00bb157172&Prime; back_color_type=\u00a0\u00bbuncode-palette\u00a0\u00bb shape_bottom_color_type=\u00a0\u00bbuncode-palette\u00a0\u00bb][vc_column width=\u00a0\u00bb1\/1&Prime;][vc_gallery el_id=\u00a0\u00bbgallery-204447&Prime; type=\u00a0\u00bbcarousel\u00a0\u00bb medias=\u00a0\u00bb1642,1655,422,1040,1041,1042,421&Prime; carousel_lg=\u00a0\u00bb3&Prime; carousel_md=\u00a0\u00bb3&Prime; carousel_sm=\u00a0\u00bb1&Prime; gutter_size=\u00a0\u00bb3&Prime; carousel_interval=\u00a0\u00bb0&Prime; carousel_navspeed=\u00a0\u00bb400&Prime; carousel_overflow=\u00a0\u00bbyes\u00a0\u00bb carousel_dots=\u00a0\u00bbyes\u00a0\u00bb stage_padding=\u00a0\u00bb0&Prime; single_overlay_opacity=\u00a0\u00bb20&Prime; single_padding=\u00a0\u00bb2&Prime; single_border=\u00a0\u00bbyes\u00a0\u00bb uncode_shortcode_id=\u00a0\u00bb485436&Prime;][\/vc_column][\/vc_row][vc_row row_height_percent=\u00a0\u00bb0&Prime; override_padding=\u00a0\u00bbyes\u00a0\u00bb h_padding=\u00a0\u00bb0&Prime; top_padding=\u00a0\u00bb2&Prime; bottom_padding=\u00a0\u00bb2&Prime; overlay_alpha=\u00a0\u00bb50&Prime; equal_height=\u00a0\u00bbyes\u00a0\u00bb gutter_size=\u00a0\u00bb4&Prime; column_width_percent=\u00a0\u00bb100&Prime; shift_y=\u00a0\u00bb0&Prime; z_index=\u00a0\u00bb0&Prime; content_parallax=\u00a0\u00bb0&Prime; uncode_shortcode_id=\u00a0\u00bb163689&Prime; el_class=\u00a0\u00bbback-prd\u00a0\u00bb][vc_column column_width_percent=\u00a0\u00bb100&Prime; gutter_size=\u00a0\u00bb3&Prime; overlay_alpha=\u00a0\u00bb50&Prime; shift_x=\u00a0\u00bb0&Prime; shift_y=\u00a0\u00bb0&Prime; shift_y_down=\u00a0\u00bb0&Prime; z_index=\u00a0\u00bb0&Prime; desktop_visibility=\u00a0\u00bbyes\u00a0\u00bb medium_visibility=\u00a0\u00bbyes\u00a0\u00bb medium_width=\u00a0\u00bb0&Prime; mobile_visibility=\u00a0\u00bbyes\u00a0\u00bb mobile_width=\u00a0\u00bb0&Prime; width=\u00a0\u00bb1\/3&Prime; uncode_shortcode_id=\u00a0\u00bb173401&Prime; el_id=\u00a0\u00bbsingle-premi\u00a0\u00bb][vc_custom_heading text_size=\u00a0\u00bbh1&Prime; uncode_shortcode_id=\u00a0\u00bb875136&Prime; el_class=\u00a0\u00bbsection-prd-title\u00a0\u00bb]News<br \/>\n<a href=\"\/?tag=VM\">vedi tutti \u00bb<\/a>[\/vc_custom_heading][vc_icon position=\u00a0\u00bbleft\u00a0\u00bb display=\u00a0\u00bbinline\u00a0\u00bb icon_image=\u00a0\u00bb2167&Prime; media_size=\u00a0\u00bb116&Prime; uncode_shortcode_id=\u00a0\u00bb552418&Prime; el_class=\u00a0\u00bbico-premio\u00a0\u00bb link=\u00a0\u00bburl:%2Ftag%2FVM%2Fwine-spectator|title:BISCI%20Matelica%20Verdicchio%20%E2%80%9921%20%E2%80%93%20Top%20100%20wines%20del%202023&Prime;]<\/p>\n<h4><a href=\"\/tag\/VM\/wine-spectator\">Wine Spectator Reviews \/ Awards<\/a><\/h4>\n<p><span class=\"nominazione\">Verdicchio di Matelica 2021\u00a0 Top 100 Italian wines<br \/>\n&amp; More<\/span>[\/vc_icon][vc_icon position=\u00a0\u00bbleft\u00a0\u00bb display=\u00a0\u00bbinline\u00a0\u00bb icon_image=\u00a0\u00bb414&Prime; media_size=\u00a0\u00bb116&Prime; uncode_shortcode_id=\u00a0\u00bb384642&Prime; el_class=\u00a0\u00bbico-premio\u00a0\u00bb link=\u00a0\u00bburl:%2Ftag%2FVM%2Ftre-bicchieri|title:Verdicchio%20Matelica%20-%20Gambero%20Rosso\u00a0\u00bb]<\/p>\n<h4><a href=\"\/tag\/VM\/tre-bicchieri\">Tre Bicchieri Gambero Rosso<\/a><\/h4>\n<p><span class=\"nominazione\">Annate premiate Verdicchio di Matelica:<br \/>\n2018<\/span>[\/vc_icon][vc_icon position=\u00a0\u00bbleft\u00a0\u00bb display=\u00a0\u00bbinline\u00a0\u00bb icon_image=\u00a0\u00bb2079&Prime; media_size=\u00a0\u00bb116&Prime; uncode_shortcode_id=\u00a0\u00bb179813&Prime; el_class=\u00a0\u00bbico-premio\u00a0\u00bb link=\u00a0\u00bburl:%2Ftag%2FVM%2Fslow-wine\u00a0\u00bb]<\/p>\n<h4><a href=\"\/tag\/VM\/slow-wine\">Slow Wine <\/a>&#8211; Vino Quotidiano \/ Vino Top<\/h4>\n<p><span class=\"nominazione\">Annate premiate Verdicchio di Matelica:<br \/>\n2021 \/ 2019<\/span>[\/vc_icon][vc_icon position=\u00a0\u00bbleft\u00a0\u00bb display=\u00a0\u00bbinline\u00a0\u00bb icon_image=\u00a0\u00bb1840&Prime; media_size=\u00a0\u00bb116&Prime; uncode_shortcode_id=\u00a0\u00bb209426&Prime; el_class=\u00a0\u00bbico-premio\u00a0\u00bb link=\u00a0\u00bburl:%2Ftag%2FVM%2Fvinous%2F\u00a0\u00bb]<\/p>\n<h4><a href=\"\/tag\/VM\/vinous\/\">Vinous<\/a><\/h4>\n<p><span class=\"nominazione\">Annate premiate Verdicchio di Matelica:<br \/>\n2019 \/ 2016 \/ 2011 \/ 2008<\/span>[\/vc_icon][\/vc_column][vc_column column_width_percent=\u00a0\u00bb90&Prime; gutter_size=\u00a0\u00bb3&Prime; overlay_alpha=\u00a0\u00bb50&Prime; shift_x=\u00a0\u00bb0&Prime; shift_y=\u00a0\u00bb0&Prime; shift_y_down=\u00a0\u00bb0&Prime; z_index=\u00a0\u00bb0&Prime; medium_width=\u00a0\u00bb0&Prime; mobile_width=\u00a0\u00bb0&Prime; width=\u00a0\u00bb2\/3&Prime; uncode_shortcode_id=\u00a0\u00bb156609&Prime;][vc_custom_heading text_size=\u00a0\u00bbh1&Prime; uncode_shortcode_id=\u00a0\u00bb520745&Prime; el_class=\u00a0\u00bbsection-prd-title\u00a0\u00bb]Fiche Technique A Nonna Rosa[\/vc_custom_heading][uncode_single_product_additional_info text_lead=\u00a0\u00bbyes\u00a0\u00bb el_class=\u00a0\u00bbspecs\u00a0\u00bb][\/vc_column][\/vc_row][vc_row row_height_percent=\u00a0\u00bb0&Prime; override_padding=\u00a0\u00bbyes\u00a0\u00bb h_padding=\u00a0\u00bb2&Prime; top_padding=\u00a0\u00bb4&Prime; bottom_padding=\u00a0\u00bb0&Prime; back_color=\u00a0\u00bbcolor-prif\u00a0\u00bb overlay_color=\u00a0\u00bbcolor-prif\u00a0\u00bb overlay_alpha=\u00a0\u00bb50&Prime; gutter_size=\u00a0\u00bb3&Prime; column_width_percent=\u00a0\u00bb100&Prime; shift_y=\u00a0\u00bb0&Prime; z_index=\u00a0\u00bb0&Prime; uncode_shortcode_id=\u00a0\u00bb106785&Prime; overlay_color_type=\u00a0\u00bbuncode-palette\u00a0\u00bb back_color_type=\u00a0\u00bbuncode-palette\u00a0\u00bb][vc_column column_width_percent=\u00a0\u00bb100&Prime; position_horizontal=\u00a0\u00bbright\u00a0\u00bb gutter_size=\u00a0\u00bb3&Prime; overlay_alpha=\u00a0\u00bb50&Prime; shift_x=\u00a0\u00bb0&Prime; shift_y=\u00a0\u00bb0&Prime; shift_y_down=\u00a0\u00bb0&Prime; z_index=\u00a0\u00bb0&Prime; medium_width=\u00a0\u00bb0&Prime; mobile_width=\u00a0\u00bb0&Prime; width=\u00a0\u00bb1\/3&Prime; uncode_shortcode_id=\u00a0\u00bb507746&Prime;][vc_custom_heading heading_semantic=\u00a0\u00bbh4&Prime; text_size=\u00a0\u00bbh4&Prime; uncode_shortcode_id=\u00a0\u00bb574316&Prime; subheading=\u00a0\u00bbP\u00e9tale de rose\u00a0\u00bb el_class=\u00a0\u00bbprd-focus\u00a0\u00bb]Robe[\/vc_custom_heading][\/vc_column][vc_column column_width_percent=\u00a0\u00bb100&Prime; position_horizontal=\u00a0\u00bbright\u00a0\u00bb gutter_size=\u00a0\u00bb3&Prime; overlay_alpha=\u00a0\u00bb50&Prime; shift_x=\u00a0\u00bb0&Prime; shift_y=\u00a0\u00bb0&Prime; shift_y_down=\u00a0\u00bb0&Prime; z_index=\u00a0\u00bb0&Prime; medium_width=\u00a0\u00bb0&Prime; mobile_width=\u00a0\u00bb0&Prime; width=\u00a0\u00bb1\/3&Prime; uncode_shortcode_id=\u00a0\u00bb337012&Prime;][vc_custom_heading heading_semantic=\u00a0\u00bbh4&Prime; text_size=\u00a0\u00bbh4&Prime; uncode_shortcode_id=\u00a0\u00bb164228&Prime; subheading=\u00a0\u00bbSapide, agr\u00e9able et min\u00e9rale\u00a0\u00bb el_class=\u00a0\u00bbprd-focus\u00a0\u00bb]Bouche[\/vc_custom_heading][\/vc_column][vc_column column_width_percent=\u00a0\u00bb100&Prime; position_horizontal=\u00a0\u00bbright\u00a0\u00bb gutter_size=\u00a0\u00bb3&Prime; overlay_alpha=\u00a0\u00bb50&Prime; shift_x=\u00a0\u00bb0&Prime; shift_y=\u00a0\u00bb0&Prime; shift_y_down=\u00a0\u00bb0&Prime; z_index=\u00a0\u00bb0&Prime; medium_width=\u00a0\u00bb0&Prime; mobile_width=\u00a0\u00bb0&Prime; width=\u00a0\u00bb1\/3&Prime; uncode_shortcode_id=\u00a0\u00bb135058&Prime;][vc_custom_heading heading_semantic=\u00a0\u00bbh4&Prime; text_size=\u00a0\u00bbh4&Prime; uncode_shortcode_id=\u00a0\u00bb198366&Prime; subheading=\u00a0\u00bbD\u00e9licat, aux notes de p\u00e9tales de rose et de nuances de cerises printani\u00e8res\u00a0\u00bb el_class=\u00a0\u00bbprd-focus\u00a0\u00bb]Nez[\/vc_custom_heading][\/vc_column][\/vc_row][vc_row row_height_percent=\u00a0\u00bb0&Prime; override_padding=\u00a0\u00bbyes\u00a0\u00bb h_padding=\u00a0\u00bb2&Prime; top_padding=\u00a0\u00bb2&Prime; bottom_padding=\u00a0\u00bb4&Prime; back_color=\u00a0\u00bbcolor-prif\u00a0\u00bb overlay_color=\u00a0\u00bbcolor-prif\u00a0\u00bb overlay_alpha=\u00a0\u00bb50&Prime; gutter_size=\u00a0\u00bb3&Prime; column_width_percent=\u00a0\u00bb100&Prime; shift_y=\u00a0\u00bb0&Prime; z_index=\u00a0\u00bb0&Prime; uncode_shortcode_id=\u00a0\u00bb117222&Prime; overlay_color_type=\u00a0\u00bbuncode-palette\u00a0\u00bb back_color_type=\u00a0\u00bbuncode-palette\u00a0\u00bb][vc_column column_width_percent=\u00a0\u00bb100&Prime; position_horizontal=\u00a0\u00bbright\u00a0\u00bb gutter_size=\u00a0\u00bb3&Prime; overlay_alpha=\u00a0\u00bb50&Prime; shift_x=\u00a0\u00bb0&Prime; shift_y=\u00a0\u00bb0&Prime; shift_y_down=\u00a0\u00bb0&Prime; z_index=\u00a0\u00bb0&Prime; medium_width=\u00a0\u00bb0&Prime; mobile_width=\u00a0\u00bb0&Prime; width=\u00a0\u00bb1\/3&Prime; uncode_shortcode_id=\u00a0\u00bb197305&Prime;][vc_custom_heading heading_semantic=\u00a0\u00bbh4&Prime; text_size=\u00a0\u00bbh4&Prime; uncode_shortcode_id=\u00a0\u00bb826079&Prime; subheading=\u00a0\u00bbSangiovese 100%\u00a0\u00bb el_class=\u00a0\u00bbprd-focus\u00a0\u00bb]C\u00e9page[\/vc_custom_heading][\/vc_column][vc_column column_width_percent=\u00a0\u00bb100&Prime; position_horizontal=\u00a0\u00bbright\u00a0\u00bb gutter_size=\u00a0\u00bb3&Prime; overlay_alpha=\u00a0\u00bb50&Prime; shift_x=\u00a0\u00bb0&Prime; shift_y=\u00a0\u00bb0&Prime; shift_y_down=\u00a0\u00bb0&Prime; z_index=\u00a0\u00bb0&Prime; medium_width=\u00a0\u00bb0&Prime; mobile_width=\u00a0\u00bb0&Prime; width=\u00a0\u00bb1\/3&Prime; uncode_shortcode_id=\u00a0\u00bb173679&Prime;][vc_custom_heading heading_semantic=\u00a0\u00bbh4&Prime; text_size=\u00a0\u00bbh4&Prime; uncode_shortcode_id=\u00a0\u00bb281631&Prime; subheading=\u00a0\u00bb11 &#8211; 11.5% Vol\u00a0\u00bb el_class=\u00a0\u00bbprd-focus\u00a0\u00bb]Degr\u00e9 alcoolique[\/vc_custom_heading][\/vc_column][vc_column column_width_percent=\u00a0\u00bb100&Prime; position_horizontal=\u00a0\u00bbright\u00a0\u00bb gutter_size=\u00a0\u00bb3&Prime; overlay_alpha=\u00a0\u00bb50&Prime; shift_x=\u00a0\u00bb0&Prime; shift_y=\u00a0\u00bb0&Prime; shift_y_down=\u00a0\u00bb0&Prime; z_index=\u00a0\u00bb0&Prime; medium_width=\u00a0\u00bb0&Prime; mobile_width=\u00a0\u00bb0&Prime; width=\u00a0\u00bb1\/3&Prime; uncode_shortcode_id=\u00a0\u00bb213794&Prime;][vc_custom_heading heading_semantic=\u00a0\u00bbh4&Prime; text_size=\u00a0\u00bbh4&Prime; uncode_shortcode_id=\u00a0\u00bb523131&Prime; subheading=\u00a0\u00bb8 &#8211; 10\u00b0C\u00a0\u00bb el_class=\u00a0\u00bbprd-focus\u00a0\u00bb]Temp. de service[\/vc_custom_heading][\/vc_column][\/vc_row][vc_row row_height_percent=\u00a0\u00bb0&Prime; override_padding=\u00a0\u00bbyes\u00a0\u00bb h_padding=\u00a0\u00bb4&Prime; top_padding=\u00a0\u00bb3&Prime; bottom_padding=\u00a0\u00bb3&Prime; overlay_alpha=\u00a0\u00bb50&Prime; gutter_size=\u00a0\u00bb3&Prime; column_width_percent=\u00a0\u00bb100&Prime; shift_y=\u00a0\u00bb0&Prime; z_index=\u00a0\u00bb0&Prime; uncode_shortcode_id=\u00a0\u00bb196037&Prime; el_class=\u00a0\u00bbdeg-cta\u00a0\u00bb][vc_column width=\u00a0\u00bb1\/1&Prime;][vc_single_image media=\u00a0\u00bb420&Prime; media_width_percent=\u00a0\u00bb100&Prime; media_ratio=\u00a0\u00bbtwentyone-nine\u00a0\u00bb alignment=\u00a0\u00bbcenter\u00a0\u00bb advanced=\u00a0\u00bbyes\u00a0\u00bb media_items=\u00a0\u00bbmedia|original,title,description\u00a0\u00bb media_overlay_color=\u00a0\u00bbcolor-jevc\u00a0\u00bb media_overlay_opacity=\u00a0\u00bb80&Prime; media_overlay_visible=\u00a0\u00bbyes\u00a0\u00bb media_overlay_anim=\u00a0\u00bbno\u00a0\u00bb media_text_visible=\u00a0\u00bbyes\u00a0\u00bb media_text_anim=\u00a0\u00bbno\u00a0\u00bb media_image_anim=\u00a0\u00bbno\u00a0\u00bb media_h_position=\u00a0\u00bbcenter\u00a0\u00bb media_padding=\u00a0\u00bb2&Prime; text_lead=\u00a0\u00bbyes\u00a0\u00bb uncode_shortcode_id=\u00a0\u00bb181905&Prime; media_link=\u00a0\u00bburl:%2Fcontatti-azienda-bisci-vini-di-matelica%2F\u00a0\u00bb media_overlay_color_type=\u00a0\u00bbuncode-palette\u00a0\u00bb media_title_custom=\u00a0\u00bbEssayez-le \u00e0 la cave\u00a0\u00bb media_subtitle_custom=\u00a0\u00bbR\u00e9servez une d\u00e9gustation\u00a0\u00bb][\/vc_column][\/vc_row][vc_row][vc_column width=\u00a0\u00bb1\/1&Prime;][uncode_block id=\u00a0\u00bb987&Prime;][\/vc_column][\/vc_row]<\/p>\n<\/div>","protected":false},"excerpt":{"rendered":"<p>[vc_row unlock_row_content=\u00a0\u00bbyes\u00a0\u00bb row_height_percent=\u00a0\u00bb74&Prime; back_image=\u00a0\u00bb419&Prime; overlay_alpha=\u00a0\u00bb50&Prime; gutter_size=\u00a0\u00bb3&Prime; column_width_percent=\u00a0\u00bb100&Prime; shift_y=\u00a0\u00bb0&Prime; z_index=\u00a0\u00bb0&Prime; enable_bottom_divider=\u00a0\u00bbdefault\u00a0\u00bb bottom_divider=\u00a0\u00bbtilt\u00a0\u00bb shape_bottom_h_use_pixel=\u00a0\u00bbtrue\u00a0\u00bb shape_bottom_height_percent=\u00a0\u00bb15&Prime; shape_bottom_color=\u00a0\u00bbcolor-prif\u00a0\u00bb shape_bottom_opacity=\u00a0\u00bb100&Prime; shape_bottom_index=\u00a0\u00bb0&Prime; uncode_shortcode_id=\u00a0\u00bb145553&Prime; shape_bottom_color_type=\u00a0\u00bbuncode-palette\u00a0\u00bb el_id=\u00a0\u00bbfirst-prd\u00a0\u00bb][vc_column width=\u00a0\u00bb1\/6&Prime;][\/vc_column][vc_column [&hellip;]<\/p>\n","protected":false},"featured_media":0,"comment_status":"open","ping_status":"closed","template":"","meta":[],"product_brand":[],"product_cat":[184],"product_tag":[],"class_list":{"0":"post-3617","1":"product","2":"type-product","3":"status-publish","5":"product_cat-uncategorized","7":"first","8":"instock","9":"shipping-taxable","10":"product-type-simple"},"yoast_head":"<!-- This site is optimized with the Yoast SEO plugin v26.0 - https:\/\/yoast.com\/wordpress\/plugins\/seo\/ -->\n<title>A Nonna Rosa - BISCI Vini<\/title>\n<meta name=\"description\" content=\"BISCI A Nonna Rosa \u00e8 un Rosato ottenuto da una vendemmia anticipata di uve Sangiovese dal nostro piccolo vigneto di circa 2 ettari che custodiamo con cura dal 1978\" \/>\n<meta name=\"robots\" content=\"index, follow, max-snippet:-1, max-image-preview:large, max-video-preview:-1\" \/>\n<link rel=\"canonical\" href=\"https:\/\/bisci.it\/fr\/product\/a-nonna-rosa\/\" \/>\n<meta property=\"og:locale\" content=\"fr_FR\" \/>\n<meta property=\"og:type\" content=\"article\" \/>\n<meta property=\"og:title\" content=\"A Nonna Rosa - BISCI Vini\" \/>\n<meta property=\"og:description\" content=\"BISCI A Nonna Rosa \u00e8 un Rosato ottenuto da una vendemmia anticipata di uve Sangiovese dal nostro piccolo vigneto di circa 2 ettari che custodiamo con cura dal 1978\" \/>\n<meta property=\"og:url\" content=\"https:\/\/bisci.it\/fr\/product\/a-nonna-rosa\/\" \/>\n<meta property=\"og:site_name\" content=\"BISCI Vini\" \/>\n<meta property=\"article:modified_time\" content=\"2026-05-04T13:03:00+00:00\" \/>\n<meta name=\"twitter:card\" content=\"summary_large_image\" \/>\n<meta name=\"twitter:label1\" content=\"Dur\u00e9e de lecture estim\u00e9e\" \/>\n\t<meta name=\"twitter:data1\" content=\"4 minutes\" \/>\n<script type=\"application\/ld+json\" class=\"yoast-schema-graph\">{\"@context\":\"https:\/\/schema.org\",\"@graph\":[{\"@type\":\"WebPage\",\"@id\":\"https:\/\/bisci.it\/fr\/product\/a-nonna-rosa\/\",\"url\":\"https:\/\/bisci.it\/fr\/product\/a-nonna-rosa\/\",\"name\":\"A Nonna Rosa - BISCI Vini\",\"isPartOf\":{\"@id\":\"https:\/\/bisci.it\/fr\/#website\"},\"datePublished\":\"2025-06-26T13:06:12+00:00\",\"dateModified\":\"2026-05-04T13:03:00+00:00\",\"description\":\"BISCI A Nonna Rosa \u00e8 un Rosato ottenuto da una vendemmia anticipata di uve Sangiovese dal nostro piccolo vigneto di circa 2 ettari che custodiamo con cura dal 1978\",\"breadcrumb\":{\"@id\":\"https:\/\/bisci.it\/fr\/product\/a-nonna-rosa\/#breadcrumb\"},\"inLanguage\":\"fr-FR\",\"potentialAction\":[{\"@type\":\"ReadAction\",\"target\":[\"https:\/\/bisci.it\/fr\/product\/a-nonna-rosa\/\"]}]},{\"@type\":\"BreadcrumbList\",\"@id\":\"https:\/\/bisci.it\/fr\/product\/a-nonna-rosa\/#breadcrumb\",\"itemListElement\":[{\"@type\":\"ListItem\",\"position\":1,\"name\":\"Home\",\"item\":\"https:\/\/bisci.it\/fr\/\"},{\"@type\":\"ListItem\",\"position\":2,\"name\":\"Shop\",\"item\":\"https:\/\/bisci.it\/?page_id=1299\"},{\"@type\":\"ListItem\",\"position\":3,\"name\":\"A Nonna Rosa\"}]},{\"@type\":\"WebSite\",\"@id\":\"https:\/\/bisci.it\/fr\/#website\",\"url\":\"https:\/\/bisci.it\/fr\/\",\"name\":\"BISCI Vini\",\"description\":\"Cantina BISCI - Matelica\",\"potentialAction\":[{\"@type\":\"SearchAction\",\"target\":{\"@type\":\"EntryPoint\",\"urlTemplate\":\"https:\/\/bisci.it\/fr\/?s={search_term_string}\"},\"query-input\":{\"@type\":\"PropertyValueSpecification\",\"valueRequired\":true,\"valueName\":\"search_term_string\"}}],\"inLanguage\":\"fr-FR\"}]}<\/script>\n<!-- \/ Yoast SEO plugin. -->","yoast_head_json":{"title":"A Nonna Rosa - BISCI Vini","description":"BISCI A Nonna Rosa \u00e8 un Rosato ottenuto da una vendemmia anticipata di uve Sangiovese dal nostro piccolo vigneto di circa 2 ettari che custodiamo con cura dal 1978","robots":{"index":"index","follow":"follow","max-snippet":"max-snippet:-1","max-image-preview":"max-image-preview:large","max-video-preview":"max-video-preview:-1"},"canonical":"https:\/\/bisci.it\/fr\/product\/a-nonna-rosa\/","og_locale":"fr_FR","og_type":"article","og_title":"A Nonna Rosa - BISCI Vini","og_description":"BISCI A Nonna Rosa \u00e8 un Rosato ottenuto da una vendemmia anticipata di uve Sangiovese dal nostro piccolo vigneto di circa 2 ettari che custodiamo con cura dal 1978","og_url":"https:\/\/bisci.it\/fr\/product\/a-nonna-rosa\/","og_site_name":"BISCI Vini","article_modified_time":"2026-05-04T13:03:00+00:00","twitter_card":"summary_large_image","twitter_misc":{"Dur\u00e9e de lecture estim\u00e9e":"4 minutes"},"schema":{"@context":"https:\/\/schema.org","@graph":[{"@type":"WebPage","@id":"https:\/\/bisci.it\/fr\/product\/a-nonna-rosa\/","url":"https:\/\/bisci.it\/fr\/product\/a-nonna-rosa\/","name":"A Nonna Rosa - BISCI Vini","isPartOf":{"@id":"https:\/\/bisci.it\/fr\/#website"},"datePublished":"2025-06-26T13:06:12+00:00","dateModified":"2026-05-04T13:03:00+00:00","description":"BISCI A Nonna Rosa \u00e8 un Rosato ottenuto da una vendemmia anticipata di uve Sangiovese dal nostro piccolo vigneto di circa 2 ettari che custodiamo con cura dal 1978","breadcrumb":{"@id":"https:\/\/bisci.it\/fr\/product\/a-nonna-rosa\/#breadcrumb"},"inLanguage":"fr-FR","potentialAction":[{"@type":"ReadAction","target":["https:\/\/bisci.it\/fr\/product\/a-nonna-rosa\/"]}]},{"@type":"BreadcrumbList","@id":"https:\/\/bisci.it\/fr\/product\/a-nonna-rosa\/#breadcrumb","itemListElement":[{"@type":"ListItem","position":1,"name":"Home","item":"https:\/\/bisci.it\/fr\/"},{"@type":"ListItem","position":2,"name":"Shop","item":"https:\/\/bisci.it\/?page_id=1299"},{"@type":"ListItem","position":3,"name":"A Nonna Rosa"}]},{"@type":"WebSite","@id":"https:\/\/bisci.it\/fr\/#website","url":"https:\/\/bisci.it\/fr\/","name":"BISCI Vini","description":"Cantina BISCI - Matelica","potentialAction":[{"@type":"SearchAction","target":{"@type":"EntryPoint","urlTemplate":"https:\/\/bisci.it\/fr\/?s={search_term_string}"},"query-input":{"@type":"PropertyValueSpecification","valueRequired":true,"valueName":"search_term_string"}}],"inLanguage":"fr-FR"}]}},"_links":{"self":[{"href":"https:\/\/bisci.it\/fr\/wp-json\/wp\/v2\/product\/3617","targetHints":{"allow":["GET"]}}],"collection":[{"href":"https:\/\/bisci.it\/fr\/wp-json\/wp\/v2\/product"}],"about":[{"href":"https:\/\/bisci.it\/fr\/wp-json\/wp\/v2\/types\/product"}],"replies":[{"embeddable":true,"href":"https:\/\/bisci.it\/fr\/wp-json\/wp\/v2\/comments?post=3617"}],"wp:attachment":[{"href":"https:\/\/bisci.it\/fr\/wp-json\/wp\/v2\/media?parent=3617"}],"wp:term":[{"taxonomy":"product_brand","embeddable":true,"href":"https:\/\/bisci.it\/fr\/wp-json\/wp\/v2\/product_brand?post=3617"},{"taxonomy":"product_cat","embeddable":true,"href":"https:\/\/bisci.it\/fr\/wp-json\/wp\/v2\/product_cat?post=3617"},{"taxonomy":"product_tag","embeddable":true,"href":"https:\/\/bisci.it\/fr\/wp-json\/wp\/v2\/product_tag?post=3617"}],"curies":[{"name":"wp","href":"https:\/\/api.w.org\/{rel}","templated":true}]}}