{"id":3612,"date":"2022-10-20T15:28:21","date_gmt":"2022-10-20T13:28:21","guid":{"rendered":"https:\/\/bisci.it\/vini-bisci-matelica\/"},"modified":"2026-04-16T15:14:41","modified_gmt":"2026-04-16T13:14:41","slug":"vini-bisci-matelica","status":"publish","type":"page","link":"https:\/\/bisci.it\/fr\/vini-bisci-matelica\/","title":{"rendered":"Tutti i vini"},"content":{"rendered":"<div class=\"wpb-content-wrapper\"><p>[vc_row unlock_row_content=\u00a0\u00bbyes\u00a0\u00bb row_height_percent=\u00a0\u00bb85&Prime; back_image=\u00a0\u00bb427&Prime; parallax=\u00a0\u00bbyes\u00a0\u00bb overlay_alpha=\u00a0\u00bb0&Prime; gutter_size=\u00a0\u00bb3&Prime; column_width_percent=\u00a0\u00bb100&Prime; shift_y=\u00a0\u00bb0&Prime; z_index=\u00a0\u00bb0&Prime; enable_bottom_divider=\u00a0\u00bbdefault\u00a0\u00bb bottom_divider=\u00a0\u00bbtilt\u00a0\u00bb shape_bottom_h_use_pixel=\u00a0\u00bbtrue\u00a0\u00bb shape_bottom_height_percent=\u00a0\u00bb15&Prime; shape_bottom_color=\u00a0\u00bbcolor-prif\u00a0\u00bb shape_bottom_opacity=\u00a0\u00bb100&Prime; shape_bottom_index=\u00a0\u00bb0&Prime; mobile_visibility=\u00a0\u00bbyes\u00a0\u00bb content_parallax=\u00a0\u00bb0&Prime; uncode_shortcode_id=\u00a0\u00bb177654&Prime; shape_bottom_color_type=\u00a0\u00bbuncode-palette\u00a0\u00bb el_id=\u00a0\u00bbfirst-prd\u00a0\u00bb][vc_column width=\u00a0\u00bb1\/6&Prime;][\/vc_column][vc_column column_width_percent=\u00a0\u00bb95&Prime; position_vertical=\u00a0\u00bbbottom\u00a0\u00bb gutter_size=\u00a0\u00bb3&Prime; back_color=\u00a0\u00bbcolor-xsdn\u00a0\u00bb overlay_alpha=\u00a0\u00bb50&Prime; shift_x=\u00a0\u00bb0&Prime; shift_y=\u00a0\u00bb0&Prime; shift_y_down=\u00a0\u00bb0&Prime; z_index=\u00a0\u00bb0&Prime; medium_width=\u00a0\u00bb0&Prime; mobile_visibility=\u00a0\u00bbyes\u00a0\u00bb mobile_width=\u00a0\u00bb0&Prime; width=\u00a0\u00bb4\/6&Prime; uncode_shortcode_id=\u00a0\u00bb937028&Prime; back_color_type=\u00a0\u00bbuncode-palette\u00a0\u00bb el_class=\u00a0\u00bbwhite-box-vini\u00a0\u00bb][vc_custom_heading heading_semantic=\u00a0\u00bbh1&Prime; text_size=\u00a0\u00bbh1&Prime; uncode_shortcode_id=\u00a0\u00bb116705&Prime;]Vini unici nel loro genere[\/vc_custom_heading][vc_column_text uncode_shortcode_id=\u00a0\u00bb838017&Prime; el_class=\u00a0\u00bbtesto-prd\u00a0\u00bb]Vini eleganti, ricchi, strutturati in modo accattivante, di notevole ampiezza e lunghezza al palato. Vini che migliorano stando in bottiglia. Questo perch\u00e9 la spiccata generosit\u00e0 in termini di acidit\u00e0 del vitigno unita alle particolari condizioni territoriali (clima caratterizzato da elevate escursioni termiche giornaliere e stagionali), permettono di produrre vini con elevata propensione all\u2019invecchiamento, capaci di esaltarsi con il trascorrere degli anni.[\/vc_column_text][\/vc_column][vc_column column_width_percent=\u00a0\u00bb100&Prime; gutter_size=\u00a0\u00bb3&Prime; expand_height=\u00a0\u00bbyes\u00a0\u00bb overlay_alpha=\u00a0\u00bb50&Prime; shift_x=\u00a0\u00bb0&Prime; shift_y=\u00a0\u00bb0&Prime; shift_y_down=\u00a0\u00bb0&Prime; z_index=\u00a0\u00bb0&Prime; medium_width=\u00a0\u00bb0&Prime; mobile_width=\u00a0\u00bb0&Prime; css_animation=\u00a0\u00bbalpha-anim\u00a0\u00bb animation_speed=\u00a0\u00bb600&Prime; animation_delay=\u00a0\u00bb300&Prime; width=\u00a0\u00bb1\/6&Prime; uncode_shortcode_id=\u00a0\u00bb115802&Prime; el_class=\u00a0\u00bbimg-prd\u00a0\u00bb][\/vc_column][\/vc_row][vc_row unlock_row_content=\u00a0\u00bbyes\u00a0\u00bb row_height_percent=\u00a0\u00bb0&Prime; override_padding=\u00a0\u00bbyes\u00a0\u00bb h_padding=\u00a0\u00bb6&Prime; top_padding=\u00a0\u00bb6&Prime; bottom_padding=\u00a0\u00bb2&Prime; back_color=\u00a0\u00bbcolor-prif\u00a0\u00bb overlay_alpha=\u00a0\u00bb50&Prime; gutter_size=\u00a0\u00bb3&Prime; column_width_percent=\u00a0\u00bb100&Prime; shift_y=\u00a0\u00bb3&Prime; z_index=\u00a0\u00bb0&Prime; top_divider=\u00a0\u00bbstep\u00a0\u00bb bottom_divider=\u00a0\u00bbstep\u00a0\u00bb uncode_shortcode_id=\u00a0\u00bb163433&Prime; el_id=\u00a0\u00bbvini\u00a0\u00bb back_color_type=\u00a0\u00bbuncode-palette\u00a0\u00bb][vc_column column_width_percent=\u00a0\u00bb100&Prime; align_horizontal=\u00a0\u00bbalign_center\u00a0\u00bb gutter_size=\u00a0\u00bb3&Prime; overlay_alpha=\u00a0\u00bb50&Prime; shift_x=\u00a0\u00bb0&Prime; shift_y=\u00a0\u00bb-4&Prime; shift_y_down=\u00a0\u00bb0&Prime; z_index=\u00a0\u00bb0&Prime; medium_width=\u00a0\u00bb0&Prime; mobile_width=\u00a0\u00bb0&Prime; width=\u00a0\u00bb1\/1&Prime; uncode_shortcode_id=\u00a0\u00bb793960&Prime;][vc_custom_heading text_size=\u00a0\u00bbh1&Prime; uncode_shortcode_id=\u00a0\u00bb204186&Prime; el_class=\u00a0\u00bbsection-prd-title\u00a0\u00bb]Scopri la selezione dei vini della Famiglia Bisci[\/vc_custom_heading][vc_icon icon=\u00a0\u00bbfa fa-angle-down\u00a0\u00bb icon_color=\u00a0\u00bbcolor-xsdn\u00a0\u00bb size=\u00a0\u00bbfa-2x\u00a0\u00bb uncode_shortcode_id=\u00a0\u00bb850369&Prime; icon_color_type=\u00a0\u00bbuncode-palette\u00a0\u00bb link=\u00a0\u00bburl:%23tuttivini\u00a0\u00bb][\/vc_icon][\/vc_column][\/vc_row][vc_row row_height_percent=\u00a0\u00bb0&Prime; override_padding=\u00a0\u00bbyes\u00a0\u00bb h_padding=\u00a0\u00bb2&Prime; top_padding=\u00a0\u00bb2&Prime; bottom_padding=\u00a0\u00bb0&Prime; overlay_alpha=\u00a0\u00bb50&Prime; gutter_size=\u00a0\u00bb3&Prime; column_width_percent=\u00a0\u00bb100&Prime; shift_y=\u00a0\u00bb0&Prime; z_index=\u00a0\u00bb0&Prime; desktop_visibility=\u00a0\u00bbyes\u00a0\u00bb medium_visibility=\u00a0\u00bbyes\u00a0\u00bb uncode_shortcode_id=\u00a0\u00bb814301&Prime;][vc_column width=\u00a0\u00bb1\/1&Prime;][vc_custom_heading heading_semantic=\u00a0\u00bbh1&Prime; text_size=\u00a0\u00bbh1&Prime; desktop_visibility=\u00a0\u00bbyes\u00a0\u00bb medium_visibility=\u00a0\u00bbyes\u00a0\u00bb mobile_visibility=\u00a0\u00bbyes\u00a0\u00bb uncode_shortcode_id=\u00a0\u00bb137051&Prime;]Vini unici nel loro genere[\/vc_custom_heading][vc_custom_heading heading_semantic=\u00a0\u00bbh1&Prime; text_size=\u00a0\u00bbh1&Prime; uncode_shortcode_id=\u00a0\u00bb195883&Prime;]Vini unici nel loro genere[\/vc_custom_heading][vc_column_text uncode_shortcode_id=\u00a0\u00bb719611&Prime; el_class=\u00a0\u00bbtesto-prd\u00a0\u00bb]Vini eleganti, ricchi, strutturati in modo accattivante, di notevole ampiezza e lunghezza al palato. Vini che migliorano stando in bottiglia.[\/vc_column_text][\/vc_column][\/vc_row][vc_row unlock_row_content=\u00a0\u00bbyes\u00a0\u00bb row_height_percent=\u00a0\u00bb0&Prime; override_padding=\u00a0\u00bbyes\u00a0\u00bb h_padding=\u00a0\u00bb2&Prime; top_padding=\u00a0\u00bb3&Prime; bottom_padding=\u00a0\u00bb2&Prime; overlay_alpha=\u00a0\u00bb50&Prime; gutter_size=\u00a0\u00bb3&Prime; column_width_percent=\u00a0\u00bb100&Prime; shift_y=\u00a0\u00bb0&Prime; z_index=\u00a0\u00bb0&Prime; uncode_shortcode_id=\u00a0\u00bb116538&Prime; el_id=\u00a0\u00bbtuttivini\u00a0\u00bb row_name=\u00a0\u00bbtuttivini\u00a0\u00bb][vc_column column_width_percent=\u00a0\u00bb86&Prime; gutter_size=\u00a0\u00bb3&Prime; overlay_alpha=\u00a0\u00bb50&Prime; shift_x=\u00a0\u00bb0&Prime; shift_y=\u00a0\u00bb0&Prime; shift_y_down=\u00a0\u00bb0&Prime; z_index=\u00a0\u00bb0&Prime; medium_width=\u00a0\u00bb0&Prime; mobile_width=\u00a0\u00bb0&Prime; width=\u00a0\u00bb1\/1&Prime; uncode_shortcode_id=\u00a0\u00bb131046&Prime;][vc_gallery el_id=\u00a0\u00bbgallery-158541&Prime; type=\u00a0\u00bbcss_grid\u00a0\u00bb medias=\u00a0\u00bb3731,3730,3729,3728,3727,3726,3725&Prime; grid_items=\u00a0\u00bb3&Prime; screen_lg_items=\u00a0\u00bb3&Prime; screen_lg_breakpoint=\u00a0\u00bb1000&Prime; screen_md_items=\u00a0\u00bb2&Prime; screen_md_breakpoint=\u00a0\u00bb767&Prime; screen_sm_items=\u00a0\u00bb2&Prime; screen_sm_breakpoint=\u00a0\u00bb680&Prime; gutter_size=\u00a0\u00bb4&Prime; media_items=\u00a0\u00bbmedia|custom_link|original,title,description,icon\u00a0\u00bb single_text=\u00a0\u00bbunder\u00a0\u00bb single_overlay_opacity=\u00a0\u00bb1&Prime; single_overlay_anim=\u00a0\u00bbno\u00a0\u00bb single_image_anim=\u00a0\u00bbno\u00a0\u00bb single_h_align=\u00a0\u00bbcenter\u00a0\u00bb single_padding=\u00a0\u00bb2&Prime; single_icon=\u00a0\u00bbfa fa-search3&Prime; single_border=\u00a0\u00bbyes\u00a0\u00bb no_double_tap=\u00a0\u00bbyes\u00a0\u00bb custom_cursor=\u00a0\u00bbaccent\u00a0\u00bb uncode_shortcode_id=\u00a0\u00bb168517&Prime; el_class=\u00a0\u00bbpt60 il-vino\u00a0\u00bb items=\u00a0\u00bbeyIzOTNfaSI6eyJzaW5nbGVfbGluayI6InVybDolMkZwcm9kdWN0JTJGdmVyZGljY2hpby1kaS1tYXRlbGljYSUyRiJ9LCIzNzhfaSI6eyJzaW5nbGVfbGluayI6InVybDolMkZwcm9kdWN0JTJGdmlnbmV0by1mb2dsaWFuby12ZXJkaWNjaGlvLWRpLW1hdGVsaWNhLWQtby1jJTJGIn0sIjM4MF9pIjp7InNpbmdsZV9saW5rIjoidXJsOiUyRnByb2R1Y3QlMkZzZW5leC12ZXJkaWNjaGlvLWRpLW1hdGVsaWNhLXJpc2VydmEtZC1vLWMtZyUyRiJ9LCIzNzdfaSI6eyJzaW5nbGVfbGluayI6InVybDolMkZwcm9kdWN0JTJGdmlsbGEtY2FzdGlnbGlvbmktcm9zc28taS1nLXQlMkYifSwiMzc5X2kiOnsic2luZ2xlX2xpbmsiOiJ1cmw6JTJGcHJvZHVjdCUyRnJvc3NvLW1hcmNoZS1tZXJsb3QtaS1nLXQlMkYifSwiNDMxX2kiOnsic2luZ2xlX2xpbmsiOiJ1cmw6JTJGcHJvZHVjdCUyRnNwdW1hbnRlLWV4dHJhLWJydXQtbWV0b2RvLW1hcnRpbm90dGklMkYifSwiMTU3N19pIjp7InNpbmdsZV9saW5rIjoidXJsOmh0dHBzJTNBJTJGJTJGYmlzY2kuaXQlMkZwcm9kb3R0byUyRnZlcmRpY2NoaW8tZGktbWF0ZWxpY2EtZG9jLWJpb2xvZ2ljbyUyRiJ9LCIxNTgwX2kiOnsic2luZ2xlX2xpbmsiOiJ1cmw6aHR0cHMlM0ElMkYlMkZiaXNjaS5pdCUyRnByb2RvdHRvJTJGdmVyZGljY2hpby1kaS1tYXRlbGljYS1kb2MtYmlvbG9naWNvJTJGIn0sIjE2MDVfaSI6eyJzaW5nbGVfbGluayI6InVybDpodHRwcyUzQSUyRiUyRmJpc2NpLml0JTJGcHJvZG90dG8lMkZzZW5leC12ZXJkaWNjaGlvLWRpLW1hdGVsaWNhLXJpc2VydmEtZC1vLWMtZyUyRiJ9LCIxNzgyX2kiOnsic2luZ2xlX2xpbmsiOiJ1cmw6aHR0cHMlM0ElMkYlMkZiaXNjaS5pdCUyRnByb2RvdHRvJTJGdmVyZGljY2hpby1kaS1tYXRlbGljYS1kLW8tYyUyRnx0aXRsZTpWZXJkaWNjaGlvJTIwZGklMjBNYXRlbGljYSUyMEQuTy5DLiJ9LCIyNjg4X2kiOnsic2luZ2xlX2xpbmsiOiJ1cmw6JTJGcHJvZHVjdCUyRmEtbm9ubmEtcm9zYSJ9LCIzMTE1X2kiOnsic2luZ2xlX2xpbmsiOiJ1cmw6JTJGcHJvZG90dG8lMkZ2ZXJkaWNjaGlvLWRpLW1hdGVsaWNhLWQtby1jJTJGIn0sIjMxMTNfaSI6eyJzaW5nbGVfbGluayI6InVybDolMkZwcm9kb3R0byUyRnZpZ25ldG8tZm9nbGlhbm8tdmVyZGljY2hpby1kaS1tYXRlbGljYS1kLW8tYyUyRiJ9LCIzMTE3X2kiOnsic2luZ2xlX2xpbmsiOiJ1cmw6JTJGcHJvZG90dG8lMkZzZW5leC12ZXJkaWNjaGlvLWRpLW1hdGVsaWNhLXJpc2VydmEtZC1vLWMtZyUyRiJ9LCIzMTE5X2kiOnsic2luZ2xlX2xpbmsiOiJ1cmw6JTJGcHJvZG90dG8lMkZhLW5vbm5hLXJvc2EifSwiMzEyMV9pIjp7InNpbmdsZV9saW5rIjoidXJsOiUyRnByb2RvdHRvJTJGdmlsbGEtY2FzdGlnbGlvbmktcm9zc28taS1nLXQlMkYifSwiMzEyM19pIjp7InNpbmdsZV9saW5rIjoidXJsOiUyRnByb2RvdHRvJTJGcm9zc28tbWFyY2hlLW1lcmxvdC1pLWctdCUyRiJ9LCIzMTI1X2kiOnsic2luZ2xlX2xpbmsiOiJ1cmw6JTJGcHJvZG90dG8lMkZzcHVtYW50ZS1leHRyYS1icnV0LW1ldG9kby1tYXJ0aW5vdHRpJTJGIn19&Prime;][\/vc_column][\/vc_row][vc_row row_height_percent=\u00a0\u00bb0&Prime; override_padding=\u00a0\u00bbyes\u00a0\u00bb h_padding=\u00a0\u00bb4&Prime; top_padding=\u00a0\u00bb4&Prime; bottom_padding=\u00a0\u00bb5&Prime; back_image=\u00a0\u00bb121&Prime; back_repeat=\u00a0\u00bbno-repeat\u00a0\u00bb back_position=\u00a0\u00bbcenter center\u00a0\u00bb overlay_alpha=\u00a0\u00bb50&Prime; gutter_size=\u00a0\u00bb3&Prime; column_width_percent=\u00a0\u00bb100&Prime; shift_y=\u00a0\u00bb0&Prime; z_index=\u00a0\u00bb0&Prime; uncode_shortcode_id=\u00a0\u00bb146035&Prime; el_class=\u00a0\u00bbdeg-cta vini-page\u00a0\u00bb back_size=\u00a0\u00bbcontain\u00a0\u00bb][vc_column width=\u00a0\u00bb1\/1&Prime;][vc_single_image media=\u00a0\u00bb289&Prime; media_width_percent=\u00a0\u00bb100&Prime; media_ratio=\u00a0\u00bbtwentyone-nine\u00a0\u00bb alignment=\u00a0\u00bbcenter\u00a0\u00bb advanced=\u00a0\u00bbyes\u00a0\u00bb media_items=\u00a0\u00bbmedia|original,title,description\u00a0\u00bb media_overlay_color=\u00a0\u00bbcolor-jevc\u00a0\u00bb media_overlay_opacity=\u00a0\u00bb80&Prime; media_overlay_visible=\u00a0\u00bbyes\u00a0\u00bb media_overlay_anim=\u00a0\u00bbno\u00a0\u00bb media_text_visible=\u00a0\u00bbyes\u00a0\u00bb media_text_anim=\u00a0\u00bbno\u00a0\u00bb media_image_anim=\u00a0\u00bbno\u00a0\u00bb media_h_position=\u00a0\u00bbcenter\u00a0\u00bb media_padding=\u00a0\u00bb2&Prime; text_lead=\u00a0\u00bbyes\u00a0\u00bb no_double_tap=\u00a0\u00bbyes\u00a0\u00bb uncode_shortcode_id=\u00a0\u00bb894386&Prime; media_link=\u00a0\u00bburl:%2Fcontatti-azienda-bisci-vini-di-matelica%2F\u00a0\u00bb media_overlay_color_type=\u00a0\u00bbuncode-palette\u00a0\u00bb media_title_custom=\u00a0\u00bbProvali in Cantina\u00a0\u00bb media_subtitle_custom=\u00a0\u00bbPrenota una degustazione\u00a0\u00bb][\/vc_column][\/vc_row]<\/p>\n<\/div>","protected":false},"excerpt":{"rendered":"<p>[vc_row unlock_row_content=\u00a0\u00bbyes\u00a0\u00bb row_height_percent=\u00a0\u00bb85&Prime; back_image=\u00a0\u00bb427&Prime; parallax=\u00a0\u00bbyes\u00a0\u00bb overlay_alpha=\u00a0\u00bb0&Prime; gutter_size=\u00a0\u00bb3&Prime; column_width_percent=\u00a0\u00bb100&Prime; shift_y=\u00a0\u00bb0&Prime; z_index=\u00a0\u00bb0&Prime; enable_bottom_divider=\u00a0\u00bbdefault\u00a0\u00bb bottom_divider=\u00a0\u00bbtilt\u00a0\u00bb shape_bottom_h_use_pixel=\u00a0\u00bbtrue\u00a0\u00bb shape_bottom_height_percent=\u00a0\u00bb15&Prime; shape_bottom_color=\u00a0\u00bbcolor-prif\u00a0\u00bb shape_bottom_opacity=\u00a0\u00bb100&Prime; shape_bottom_index=\u00a0\u00bb0&Prime; mobile_visibility=\u00a0\u00bbyes\u00a0\u00bb content_parallax=\u00a0\u00bb0&Prime; uncode_shortcode_id=\u00a0\u00bb177654&Prime; [&hellip;]<\/p>\n","protected":false},"author":1,"featured_media":0,"parent":0,"menu_order":0,"comment_status":"closed","ping_status":"closed","template":"","meta":{"footnotes":""},"class_list":["post-3612","page","type-page","status-publish","hentry"],"yoast_head":"<!-- This site is optimized with the Yoast SEO plugin v26.0 - https:\/\/yoast.com\/wordpress\/plugins\/seo\/ -->\n<title>Tutti i vini - BISCI Vini<\/title>\n<meta name=\"description\" content=\"Selezione vini della cantina Bisci di Matelica. Produttore dal 1972. Vini con elevata propensione all\u2019invecchiamento, capaci di esaltarsi con il trascorrere degli anni.\" \/>\n<meta name=\"robots\" content=\"index, follow, max-snippet:-1, max-image-preview:large, max-video-preview:-1\" \/>\n<link rel=\"canonical\" href=\"https:\/\/bisci.it\/fr\/vini-bisci-matelica\/\" \/>\n<meta property=\"og:locale\" content=\"fr_FR\" \/>\n<meta property=\"og:type\" content=\"article\" \/>\n<meta property=\"og:title\" content=\"Tutti i vini - BISCI Vini\" \/>\n<meta property=\"og:description\" content=\"Selezione vini della cantina Bisci di Matelica. Produttore dal 1972. Vini con elevata propensione all\u2019invecchiamento, capaci di esaltarsi con il trascorrere degli anni.\" \/>\n<meta property=\"og:url\" content=\"https:\/\/bisci.it\/fr\/vini-bisci-matelica\/\" \/>\n<meta property=\"og:site_name\" content=\"BISCI Vini\" \/>\n<meta property=\"article:modified_time\" content=\"2026-04-16T13:14:41+00:00\" \/>\n<meta name=\"twitter:card\" content=\"summary_large_image\" \/>\n<meta name=\"twitter:label1\" content=\"Dur\u00e9e de lecture estim\u00e9e\" \/>\n\t<meta name=\"twitter:data1\" content=\"2 minutes\" \/>\n<script type=\"application\/ld+json\" class=\"yoast-schema-graph\">{\"@context\":\"https:\/\/schema.org\",\"@graph\":[{\"@type\":\"WebPage\",\"@id\":\"https:\/\/bisci.it\/fr\/vini-bisci-matelica\/\",\"url\":\"https:\/\/bisci.it\/fr\/vini-bisci-matelica\/\",\"name\":\"Tutti i vini - BISCI Vini\",\"isPartOf\":{\"@id\":\"https:\/\/bisci.it\/fr\/#website\"},\"datePublished\":\"2022-10-20T13:28:21+00:00\",\"dateModified\":\"2026-04-16T13:14:41+00:00\",\"description\":\"Selezione vini della cantina Bisci di Matelica. Produttore dal 1972. Vini con elevata propensione all\u2019invecchiamento, capaci di esaltarsi con il trascorrere degli anni.\",\"breadcrumb\":{\"@id\":\"https:\/\/bisci.it\/fr\/vini-bisci-matelica\/#breadcrumb\"},\"inLanguage\":\"fr-FR\",\"potentialAction\":[{\"@type\":\"ReadAction\",\"target\":[\"https:\/\/bisci.it\/fr\/vini-bisci-matelica\/\"]}]},{\"@type\":\"BreadcrumbList\",\"@id\":\"https:\/\/bisci.it\/fr\/vini-bisci-matelica\/#breadcrumb\",\"itemListElement\":[{\"@type\":\"ListItem\",\"position\":1,\"name\":\"Home\",\"item\":\"https:\/\/bisci.it\/fr\/\"},{\"@type\":\"ListItem\",\"position\":2,\"name\":\"Tutti i vini\"}]},{\"@type\":\"WebSite\",\"@id\":\"https:\/\/bisci.it\/fr\/#website\",\"url\":\"https:\/\/bisci.it\/fr\/\",\"name\":\"BISCI Vini\",\"description\":\"Cantina BISCI - Matelica\",\"potentialAction\":[{\"@type\":\"SearchAction\",\"target\":{\"@type\":\"EntryPoint\",\"urlTemplate\":\"https:\/\/bisci.it\/fr\/?s={search_term_string}\"},\"query-input\":{\"@type\":\"PropertyValueSpecification\",\"valueRequired\":true,\"valueName\":\"search_term_string\"}}],\"inLanguage\":\"fr-FR\"}]}<\/script>\n<!-- \/ Yoast SEO plugin. -->","yoast_head_json":{"title":"Tutti i vini - BISCI Vini","description":"Selezione vini della cantina Bisci di Matelica. Produttore dal 1972. Vini con elevata propensione all\u2019invecchiamento, capaci di esaltarsi con il trascorrere degli anni.","robots":{"index":"index","follow":"follow","max-snippet":"max-snippet:-1","max-image-preview":"max-image-preview:large","max-video-preview":"max-video-preview:-1"},"canonical":"https:\/\/bisci.it\/fr\/vini-bisci-matelica\/","og_locale":"fr_FR","og_type":"article","og_title":"Tutti i vini - BISCI Vini","og_description":"Selezione vini della cantina Bisci di Matelica. Produttore dal 1972. Vini con elevata propensione all\u2019invecchiamento, capaci di esaltarsi con il trascorrere degli anni.","og_url":"https:\/\/bisci.it\/fr\/vini-bisci-matelica\/","og_site_name":"BISCI Vini","article_modified_time":"2026-04-16T13:14:41+00:00","twitter_card":"summary_large_image","twitter_misc":{"Dur\u00e9e de lecture estim\u00e9e":"2 minutes"},"schema":{"@context":"https:\/\/schema.org","@graph":[{"@type":"WebPage","@id":"https:\/\/bisci.it\/fr\/vini-bisci-matelica\/","url":"https:\/\/bisci.it\/fr\/vini-bisci-matelica\/","name":"Tutti i vini - BISCI Vini","isPartOf":{"@id":"https:\/\/bisci.it\/fr\/#website"},"datePublished":"2022-10-20T13:28:21+00:00","dateModified":"2026-04-16T13:14:41+00:00","description":"Selezione vini della cantina Bisci di Matelica. Produttore dal 1972. Vini con elevata propensione all\u2019invecchiamento, capaci di esaltarsi con il trascorrere degli anni.","breadcrumb":{"@id":"https:\/\/bisci.it\/fr\/vini-bisci-matelica\/#breadcrumb"},"inLanguage":"fr-FR","potentialAction":[{"@type":"ReadAction","target":["https:\/\/bisci.it\/fr\/vini-bisci-matelica\/"]}]},{"@type":"BreadcrumbList","@id":"https:\/\/bisci.it\/fr\/vini-bisci-matelica\/#breadcrumb","itemListElement":[{"@type":"ListItem","position":1,"name":"Home","item":"https:\/\/bisci.it\/fr\/"},{"@type":"ListItem","position":2,"name":"Tutti i vini"}]},{"@type":"WebSite","@id":"https:\/\/bisci.it\/fr\/#website","url":"https:\/\/bisci.it\/fr\/","name":"BISCI Vini","description":"Cantina BISCI - Matelica","potentialAction":[{"@type":"SearchAction","target":{"@type":"EntryPoint","urlTemplate":"https:\/\/bisci.it\/fr\/?s={search_term_string}"},"query-input":{"@type":"PropertyValueSpecification","valueRequired":true,"valueName":"search_term_string"}}],"inLanguage":"fr-FR"}]}},"_links":{"self":[{"href":"https:\/\/bisci.it\/fr\/wp-json\/wp\/v2\/pages\/3612","targetHints":{"allow":["GET"]}}],"collection":[{"href":"https:\/\/bisci.it\/fr\/wp-json\/wp\/v2\/pages"}],"about":[{"href":"https:\/\/bisci.it\/fr\/wp-json\/wp\/v2\/types\/page"}],"author":[{"embeddable":true,"href":"https:\/\/bisci.it\/fr\/wp-json\/wp\/v2\/users\/1"}],"replies":[{"embeddable":true,"href":"https:\/\/bisci.it\/fr\/wp-json\/wp\/v2\/comments?post=3612"}],"version-history":[{"count":2,"href":"https:\/\/bisci.it\/fr\/wp-json\/wp\/v2\/pages\/3612\/revisions"}],"predecessor-version":[{"id":3732,"href":"https:\/\/bisci.it\/fr\/wp-json\/wp\/v2\/pages\/3612\/revisions\/3732"}],"wp:attachment":[{"href":"https:\/\/bisci.it\/fr\/wp-json\/wp\/v2\/media?parent=3612"}],"curies":[{"name":"wp","href":"https:\/\/api.w.org\/{rel}","templated":true}]}}